{"id":361,"date":"2023-03-22T14:47:09","date_gmt":"2023-03-22T14:47:09","guid":{"rendered":"https:\/\/www.kiamlaw.com\/abogados-expertos-en-negocios\/"},"modified":"2024-08-12T15:33:55","modified_gmt":"2024-08-12T15:33:55","slug":"abogados-expertos-en-negocios","status":"publish","type":"page","link":"https:\/\/www.kiamlaw.com\/es\/abogados-expertos-en-negocios\/","title":{"rendered":"Abogados expertos en negocios"},"content":{"rendered":"<p>[et_pb_section fb_built=\u00bb1&#8243; _builder_version=\u00bb4.19.5&#8243; use_background_color_gradient=\u00bbon\u00bb background_color_gradient_direction=\u00bb135deg\u00bb background_color_gradient_stops=\u00bb#283552 0%|rgba(103,103,102,0.5) 100%\u00bb background_enable_image=\u00bboff\u00bb parallax=\u00bbon\u00bb custom_margin=\u00bb100px||||false|false\u00bb animation_style=\u00bbfade\u00bb global_colors_info=\u00bb{}\u00bb][et_pb_row _builder_version=\u00bb4.19.5&#8243; _module_preset=\u00bbdefault\u00bb custom_padding=\u00bb2%||2%||true|false\u00bb global_colors_info=\u00bb{}\u00bb][et_pb_column type=\u00bb4_4&#8243; _builder_version=\u00bb4.19.5&#8243; _module_preset=\u00bbdefault\u00bb global_colors_info=\u00bb{}\u00bb][et_pb_text _builder_version=\u00bb4.19.5&#8243; _module_preset=\u00bbdefault\u00bb header_font=\u00bb||||||||\u00bb header_text_align=\u00bbleft\u00bb header_text_color=\u00bb#FFFFFF\u00bb header_font_size=\u00bb50px\u00bb header_line_height=\u00bb1.2em\u00bb header_2_text_color=\u00bb#FFFFFF\u00bb header_2_font_size=\u00bb32px\u00bb custom_padding=\u00bb||||false|true\u00bb animation_style=\u00bbslide\u00bb animation_direction=\u00bbright\u00bb animation_duration=\u00bb1550ms\u00bb global_colors_info=\u00bb{}\u00bb header_font_size_phone=\u00bb36px\u00bb header_font_size_last_edited=\u00bbon|phone\u00bb header_font_size_tablet=\u00bb50px\u00bb]<\/p>\n<h1>Abogados expertos en negocios<\/h1>\n<p>[\/et_pb_text][\/et_pb_column][\/et_pb_row][\/et_pb_section][et_pb_section fb_built=\u00bb1&#8243; _builder_version=\u00bb4.19.5&#8243; _module_preset=\u00bbdefault\u00bb custom_margin=\u00bb||||false|false\u00bb custom_padding=\u00bb||0px||false|false\u00bb global_colors_info=\u00bb{}\u00bb][et_pb_row column_structure=\u00bb1_2,1_2&#8243; _builder_version=\u00bb4.19.5&#8243; _module_preset=\u00bbdefault\u00bb global_colors_info=\u00bb{}\u00bb][et_pb_column type=\u00bb1_2&#8243; _builder_version=\u00bb4.19.5&#8243; _module_preset=\u00bbdefault\u00bb global_colors_info=\u00bb{}\u00bb][et_pb_text _builder_version=\u00bb4.19.5&#8243; _module_preset=\u00bbdefault\u00bb text_font_size=\u00bb16px\u00bb text_line_height=\u00bb2em\u00bb global_colors_info=\u00bb{}\u00bb]<\/p>\n<h2>Pr\u00e1ctica empresarial<\/h2>\n<p>Kiam &amp; Abraham ofrece una gama de servicios para ayudar con las complejidades legales de dirigir una empresa. Tanto si est\u00e1s poniendo en marcha una nueva empresa como si gestionas una ya establecida, un buen abogado de empresa puede ayudarte a identificar y abordar los problemas legales que podr\u00edan afectar al \u00e9xito de tu negocio.<\/p>\n<p>[\/et_pb_text][\/et_pb_column][et_pb_column type=\u00bb1_2&#8243; _builder_version=\u00bb4.19.5&#8243; _module_preset=\u00bbdefault\u00bb global_colors_info=\u00bb{}\u00bb][et_pb_image src=\u00bbhttps:\/\/www.kiamlaw.com\/wp-content\/uploads\/2023\/03\/gabrielle-henderson-HJckKnwCXxQ-unsplash-lawyers.jpg\u00bb alt=\u00bbFoto de Rochelle Kiam-Abraham\u00bb title_text=\u00bbgabrielle-henderson-HJckKnwCXxQ-unsplash-abogados\u00bb _builder_version=\u00bb4.21.0&#8243; _module_preset=\u00bbdefault\u00bb border_width_all=\u00bb11px\u00bb border_color_all=\u00bbrgba(103,103,102,0.07)\u00bb box_shadow_style=\u00bbpreset1&#8243; box_shadow_vertical=\u00bb0px\u00bb box_shadow_blur=\u00bb4px\u00bb global_colors_info=\u00bb{}\u00bb][\/et_pb_image][\/et_pb_column][\/et_pb_row][\/et_pb_section][et_pb_section fb_built=\u00bb1&#8243; _builder_version=\u00bb4.21.0&#8243; _module_preset=\u00bbdefault\u00bb use_background_color_gradient=\u00bbon\u00bb background_color_gradient_direction=\u00bb109deg\u00bb background_color_gradient_stops=\u00bbrgba(103,103,102,0.07) 0%|#ffffff 100%\u00bb custom_padding=\u00bb||||true|false\u00bb global_colors_info=\u00bb{}\u00bb][et_pb_row _builder_version=\u00bb4.21.0&#8243; _module_preset=\u00bbdefault\u00bb custom_padding=\u00bb||||false|false\u00bb global_colors_info=\u00bb{}\u00bb][et_pb_column type=\u00bb4_4&#8243; _builder_version=\u00bb4.19.5&#8243; _module_preset=\u00bbdefault\u00bb global_colors_info=\u00bb{}\u00bb][et_pb_text _builder_version=\u00bb4.19.5&#8243; _module_preset=\u00bbdefault\u00bb header_2_font_size=\u00bb36px\u00bb text_orientation=\u00bbcenter\u00bb max_width=\u00bb800px\u00bb custom_margin=\u00bb|auto||auto|false|true\u00bb global_colors_info=\u00bb{}\u00bb]<\/p>\n<h2>Experiencia jur\u00eddica para garantizar el \u00e9xito a largo plazo de tu empresa<\/h2>\n<p>[\/et_pb_text][et_pb_text _builder_version=\u00bb4.19.5&#8243; _module_preset=\u00bbdefault\u00bb text_font_size=\u00bb16px\u00bb text_line_height=\u00bb2em\u00bb max_width=\u00bb900px\u00bb custom_margin=\u00bb|auto||auto|false|true\u00bb global_colors_info=\u00bb{}\u00bb]<\/p>\n<p>Nuestro bufete tambi\u00e9n puede ofrecerte asesoramiento y orientaci\u00f3n estrat\u00e9gicos para ayudarte a tomar decisiones informadas que se ajusten a tus objetivos empresariales. Te proporcionaremos la experiencia jur\u00eddica y el apoyo que necesitas para garantizar el \u00e9xito a largo plazo de tu empresa.<\/p>\n<p>[\/et_pb_text][\/et_pb_column][\/et_pb_row][\/et_pb_section][et_pb_section fb_built=\u00bb1&#8243; _builder_version=\u00bb4.19.5&#8243; _module_preset=\u00bbdefault\u00bb global_colors_info=\u00bb{}\u00bb][et_pb_row _builder_version=\u00bb4.21.0&#8243; _module_preset=\u00bbdefault\u00bb global_colors_info=\u00bb{}\u00bb][et_pb_column type=\u00bb4_4&#8243; _builder_version=\u00bb4.19.5&#8243; _module_preset=\u00bbdefault\u00bb global_colors_info=\u00bb{}\u00bb][et_pb_text _builder_version=\u00bb4.21.0&#8243; _module_preset=\u00bbdefault\u00bb text_font_size=\u00bb16px\u00bb text_line_height=\u00bb2em\u00bb header_2_font_size=\u00bb30px\u00bb header_2_line_height=\u00bb1.3em\u00bb text_orientation=\u00bbcenter\u00bb global_colors_info=\u00bb{}\u00bb]<\/p>\n<h2>Podemos ayudarte con:<\/h2>\n<p>[\/et_pb_text][\/et_pb_column][\/et_pb_row][et_pb_row column_structure=\u00bb1_2,1_2&#8243; _builder_version=\u00bb4.21.0&#8243; _module_preset=\u00bbdefault\u00bb custom_padding=\u00bb||||false|false\u00bb global_colors_info=\u00bb{}\u00bb][et_pb_column type=\u00bb1_2&#8243; _builder_version=\u00bb4.19.5&#8243; _module_preset=\u00bbdefault\u00bb global_colors_info=\u00bb{}\u00bb][et_pb_blurb title=\u00bbFormaci\u00f3n de entidades\u00bb use_icon=\u00bbon\u00bb font_icon=\u00bb&#xf328;||fa||400&#8243; icon_color=\u00bb#283552&#8243; icon_placement=\u00bbleft\u00bb image_icon_width=\u00bb39px\u00bb content_max_width=\u00bb900px\u00bb _builder_version=\u00bb4.21.0&#8243; _module_preset=\u00bbdefault\u00bb custom_css_blurb_title=\u00bbmin-height: 2.55em;\u00bb global_colors_info=\u00bb{}\u00bb]Kiam &amp; Abraham puede ayudar a los clientes a decidir qu\u00e9 tipo de entidad empresarial (como una empresa unipersonal, una sociedad colectiva, una SRL o una sociedad an\u00f3nima) es la mejor para sus necesidades, y ayudarles a presentar la documentaci\u00f3n necesaria.[\/et_pb_blurb][\/et_pb_column][et_pb_column type=\u00bb1_2&#8243; _builder_version=\u00bb4.19.5&#8243; _module_preset=\u00bbdefault\u00bb global_colors_info=\u00bb{}\u00bb][et_pb_blurb title=\u00bbNegociaci\u00f3n y redacci\u00f3n de contratos\u00bb use_icon=\u00bbon\u00bb font_icon=\u00bb&#x68;||divi||400&#8243; icon_color=\u00bb#283552&#8243; icon_placement=\u00bbleft\u00bb image_icon_width=\u00bb39px\u00bb content_max_width=\u00bb900px\u00bb _builder_version=\u00bb4.21.0&#8243; _module_preset=\u00bbdefault\u00bb custom_css_blurb_title=\u00bbmin-height: 2.55em;\u00bb global_colors_info=\u00bb{}\u00bb]Nuestros abogados pueden ayudar a negociar y redactar contratos con clientes, proveedores, prestamistas, prestatarios y otras partes. Tambi\u00e9n pueden revisar los contratos existentes y asesorar a los clientes sobre sus obligaciones legales y posibles responsabilidades.[\/et_pb_blurb][\/et_pb_column][\/et_pb_row][et_pb_row column_structure=\u00bb1_2,1_2&#8243; _builder_version=\u00bb4.21.0&#8243; _module_preset=\u00bbdefault\u00bb custom_padding=\u00bb||||false|false\u00bb global_colors_info=\u00bb{}\u00bb][et_pb_column type=\u00bb1_2&#8243; _builder_version=\u00bb4.19.5&#8243; _module_preset=\u00bbdefault\u00bb global_colors_info=\u00bb{}\u00bb][et_pb_blurb title=\u00bbConformidad  \u00bb use_icon=\u00bbon\u00bb font_icon=\u00bb&#xe101;||divi||400&#8243; icon_color=\u00bb#283552&#8243; icon_placement=\u00bbleft\u00bb image_icon_width=\u00bb39px\u00bb content_max_width=\u00bb900px\u00bb _builder_version=\u00bb4.21.0&#8243; _module_preset=\u00bbdefault\u00bb custom_css_blurb_title=\u00bbmin-height: 2.55em;\u00bb global_colors_info=\u00bb{}\u00bb]Ayudamos a los clientes a cumplir las leyes y reglamentos aplicables a su sector o negocio, como el derecho contractual, el derecho laboral y el C\u00f3digo de Comercio Uniforme (C.C.U.), y las cuestiones que surgen en las profesiones reguladas supervisadas por la Divisi\u00f3n de Asuntos del Consumidor, como los contratistas de mejoras del hogar y otros proveedores de servicios profesionales.[\/et_pb_blurb][\/et_pb_column][et_pb_column type=\u00bb1_2&#8243; _builder_version=\u00bb4.19.5&#8243; _module_preset=\u00bbdefault\u00bb global_colors_info=\u00bb{}\u00bb][et_pb_blurb title=\u00bbDerecho Laboral\u00bb use_icon=\u00bbon\u00bb font_icon=\u00bb&#xe0fe;||divi||400&#8243; icon_color=\u00bb#283552&#8243; icon_placement=\u00bbleft\u00bb image_icon_width=\u00bb39px\u00bb content_max_width=\u00bb900px\u00bb _builder_version=\u00bb4.21.0&#8243; _module_preset=\u00bbdefault\u00bb custom_css_blurb_title=\u00bbmin-height: 2.55em;\u00bb global_colors_info=\u00bb{}\u00bb]Nuestros abogados asesoran a los clientes en asuntos relacionados con el empleo, como la contrataci\u00f3n y el despido de empleados, las leyes sobre salarios y horarios, y la discriminaci\u00f3n y el acoso.[\/et_pb_blurb][\/et_pb_column][\/et_pb_row][et_pb_row column_structure=\u00bb1_2,1_2&#8243; _builder_version=\u00bb4.21.0&#8243; _module_preset=\u00bbdefault\u00bb custom_padding=\u00bb||||false|false\u00bb global_colors_info=\u00bb{}\u00bb][et_pb_column type=\u00bb1_2&#8243; _builder_version=\u00bb4.19.5&#8243; _module_preset=\u00bbdefault\u00bb global_colors_info=\u00bb{}\u00bb][et_pb_blurb title=\u00bbFusiones y adquisiciones\u00bb use_icon=\u00bbon\u00bb font_icon=\u00bb&#xf248;||fa||400&#8243; icon_color=\u00bb#283552&#8243; icon_placement=\u00bbleft\u00bb image_icon_width=\u00bb39px\u00bb content_max_width=\u00bb900px\u00bb _builder_version=\u00bb4.21.0&#8243; _module_preset=\u00bbdefault\u00bb custom_css_blurb_title=\u00bbmin-height: 2.55em;\u00bb global_colors_info=\u00bb{}\u00bb]Kiam &amp; Abraham puede ayudarte con los aspectos legales de la compra o venta de una empresa, incluida la diligencia debida, la negociaci\u00f3n y la redacci\u00f3n de acuerdos.[\/et_pb_blurb][\/et_pb_column][et_pb_column type=\u00bb1_2&#8243; _builder_version=\u00bb4.19.5&#8243; _module_preset=\u00bbdefault\u00bb global_colors_info=\u00bb{}\u00bb][et_pb_blurb title=\u00bbLitigios  \u00bb use_icon=\u00bbon\u00bb font_icon=\u00bb&#x6e;||divi||400&#8243; icon_color=\u00bb#283552&#8243; icon_placement=\u00bbleft\u00bb image_icon_width=\u00bb39px\u00bb content_max_width=\u00bb900px\u00bb _builder_version=\u00bb4.21.0&#8243; _module_preset=\u00bbdefault\u00bb custom_css_blurb_title=\u00bbmin-height: 2.55em;\u00bb global_colors_info=\u00bb{}\u00bb]Nuestros abogados mercantiles representan a clientes en litigios por incumplimiento de contrato, incumplimiento de deber fiduciario, fraude, litigios laborales, litigios inmobiliarios, litigios entre deudores y acreedores, cobros y otros procedimientos de ejecuci\u00f3n.[\/et_pb_blurb][\/et_pb_column][\/et_pb_row][et_pb_row _builder_version=\u00bb4.19.5&#8243; _module_preset=\u00bbdefault\u00bb global_colors_info=\u00bb{}\u00bb][et_pb_column type=\u00bb4_4&#8243; _builder_version=\u00bb4.19.5&#8243; _module_preset=\u00bbdefault\u00bb global_colors_info=\u00bb{}\u00bb][et_pb_button button_url=\u00bb@ET-DC@eyJkeW5hbWljIjp0cnVlLCJjb250ZW50IjoicG9zdF9saW5rX3VybF9wYWdlIiwic2V0dGluZ3MiOnsicG9zdF9pZCI6IjEyNSJ9fQ==@\u00bb button_text=\u00bbContacta con nosotros\u00bb button_alignment=\u00bbcenter\u00bb _builder_version=\u00bb4.19.5&#8243; _dynamic_attributes=\u00bbbutton_url\u00bb _module_preset=\u00bbdefault\u00bb global_colors_info=\u00bb{}\u00bb][\/et_pb_button][\/et_pb_column][\/et_pb_row][\/et_pb_section][et_pb_section fb_built=\u00bb1&#8243; _builder_version=\u00bb4.19.5&#8243; _module_preset=\u00bbdefault\u00bb use_background_color_gradient=\u00bbon\u00bb background_color_gradient_direction=\u00bb109deg\u00bb background_color_gradient_stops=\u00bbrgba(103,103,102,0.07) 0%|#ffffff 100%\u00bb custom_padding=\u00bb0px||0px||true|false\u00bb global_colors_info=\u00bb{}\u00bb][et_pb_row _builder_version=\u00bb4.19.5&#8243; _module_preset=\u00bbdefault\u00bb custom_padding=\u00bb60px||||false|false\u00bb global_colors_info=\u00bb{}\u00bb][et_pb_column type=\u00bb4_4&#8243; _builder_version=\u00bb4.19.5&#8243; _module_preset=\u00bbdefault\u00bb global_colors_info=\u00bb{}\u00bb][et_pb_text _builder_version=\u00bb4.21.0&#8243; _module_preset=\u00bbdefault\u00bb header_2_font_size=\u00bb36px\u00bb text_orientation=\u00bbcenter\u00bb global_colors_info=\u00bb{}\u00bb]<\/p>\n<h2>Nuestro equipo de Derecho Mercantil<\/h2>\n<p>[\/et_pb_text][\/et_pb_column][\/et_pb_row][et_pb_row make_equal=\u00bbon\u00bb _builder_version=\u00bb4.21.0&#8243; _module_preset=\u00bbdefault\u00bb custom_padding=\u00bb||60px||false|false\u00bb custom_css_main_element=\u00bbdisplay: flex; flex-direction: row;\u00bb global_colors_info=\u00bb{}\u00bb][et_pb_column type=\u00bb4_4&#8243; _builder_version=\u00bb4.19.5&#8243; _module_preset=\u00bbdefault\u00bb custom_css_main_element=\u00bbdisplay: flex; flex-direction: column;\u00bb global_colors_info=\u00bb{}\u00bb][et_pb_image src=\u00bbhttps:\/\/www.kiamlaw.com\/wp-content\/uploads\/2023\/03\/abraham-headshots-13-resized.jpg\u00bb alt=\u00bbFoto de Daniel Abraham\u00bb title_text=\u00bbabraham-headshots-13-tama\u00f1o\u00bb url=\u00bb@ET-DC@eyJkeW5hbWljIjp0cnVlLCJjb250ZW50IjoicG9zdF9saW5rX3VybF9wYWdlIiwic2V0dGluZ3MiOnsicG9zdF9pZCI6IjExNSJ9fQ==@\u00bb align=\u00bbcenter\u00bb _builder_version=\u00bb4.21.0&#8243; _dynamic_attributes=\u00bburl\u00bb _module_preset=\u00bbdefault\u00bb border_width_all=\u00bb11px\u00bb border_color_all=\u00bbrgba(103,103,102,0.07)\u00bb box_shadow_style=\u00bbpreset1&#8243; box_shadow_vertical=\u00bb0px\u00bb box_shadow_blur=\u00bb4px\u00bb global_colors_info=\u00bb{}\u00bb][\/et_pb_image][et_pb_text _builder_version=\u00bb4.21.0&#8243; _module_preset=\u00bbdefault\u00bb text_orientation=\u00bbcenter\u00bb global_colors_info=\u00bb{}\u00bb]<\/p>\n<h3>Daniel Abraham<\/h3>\n<p>Socio<em> &#8211; Derecho Mercantil<\/em><\/p>\n<p>[\/et_pb_text][et_pb_button button_url=\u00bb@ET-DC@eyJkeW5hbWljIjp0cnVlLCJjb250ZW50IjoicG9zdF9saW5rX3VybF9wYWdlIiwic2V0dGluZ3MiOnsicG9zdF9pZCI6IjExNSJ9fQ==@\u00bb button_text=\u00bbM\u00e1s informaci\u00f3n\u00bb button_alignment=\u00bbcenter\u00bb _builder_version=\u00bb4.19.5&#8243; _dynamic_attributes=\u00bbbutton_url\u00bb _module_preset=\u00bbdefault\u00bb custom_margin=\u00bbauto||||false|false\u00bb global_colors_info=\u00bb{}\u00bb][\/et_pb_button][\/et_pb_column][\/et_pb_row][\/et_pb_section]<\/p>\n","protected":false},"excerpt":{"rendered":"<p>Abogados expertos en negociosPr\u00e1ctica empresarial Kiam &amp; Abraham ofrece una gama de servicios para ayudar con las complejidades legales de dirigir una empresa. Tanto si est\u00e1s poniendo en marcha una nueva empresa como si gestionas una ya establecida, un buen abogado de empresa puede ayudarte a identificar y abordar los problemas legales que podr\u00edan afectar [&hellip;]<\/p>\n","protected":false},"author":1,"featured_media":326,"parent":0,"menu_order":0,"comment_status":"closed","ping_status":"closed","template":"","meta":{"_et_pb_use_builder":"on","_et_pb_old_content":"","_et_gb_content_width":"","footnotes":""},"class_list":["post-361","page","type-page","status-publish","has-post-thumbnail","hentry"],"yoast_head":"<!-- This site is optimized with the Yoast SEO plugin v27.5 - https:\/\/yoast.com\/product\/yoast-seo-wordpress\/ -->\n<title>Abogados expertos en negocios | Kiam &amp; Abraham, LLC<\/title>\n<meta name=\"description\" content=\"Una visi\u00f3n general de los servicios empresariales especializados que prestan los abogados de Kiam &amp; Abraham en Nueva York y Nueva Jersey.\" \/>\n<meta name=\"robots\" content=\"index, follow, max-snippet:-1, max-image-preview:large, max-video-preview:-1\" \/>\n<link rel=\"canonical\" href=\"https:\/\/www.kiamlaw.com\/es\/abogados-expertos-en-negocios\/\" \/>\n<meta property=\"og:locale\" content=\"es_ES\" \/>\n<meta property=\"og:type\" content=\"article\" \/>\n<meta property=\"og:title\" content=\"Abogados expertos en negocios | Kiam &amp; Abraham, LLC\" \/>\n<meta property=\"og:description\" content=\"Una visi\u00f3n general de los servicios empresariales especializados que prestan los abogados de Kiam &amp; Abraham en Nueva York y Nueva Jersey.\" \/>\n<meta property=\"og:url\" content=\"https:\/\/www.kiamlaw.com\/es\/abogados-expertos-en-negocios\/\" \/>\n<meta property=\"og:site_name\" content=\"Kiam &amp; Abraham, LLC\" \/>\n<meta property=\"article:modified_time\" content=\"2024-08-12T15:33:55+00:00\" \/>\n<meta property=\"og:image\" content=\"https:\/\/www.kiamlaw.com\/wp-content\/uploads\/2023\/03\/ben-wicks-fmEr10wvilE-unsplash.jpg\" \/>\n\t<meta property=\"og:image:width\" content=\"1920\" \/>\n\t<meta property=\"og:image:height\" content=\"1292\" \/>\n\t<meta property=\"og:image:type\" content=\"image\/jpeg\" \/>\n<meta name=\"twitter:card\" content=\"summary_large_image\" \/>\n<meta name=\"twitter:label1\" content=\"Tiempo de lectura\" \/>\n\t<meta name=\"twitter:data1\" content=\"8 minutos\" \/>\n<script type=\"application\/ld+json\" class=\"yoast-schema-graph\">{\"@context\":\"https:\\\/\\\/schema.org\",\"@graph\":[{\"@type\":\"WebPage\",\"@id\":\"https:\\\/\\\/www.kiamlaw.com\\\/es\\\/abogados-expertos-en-negocios\\\/\",\"url\":\"https:\\\/\\\/www.kiamlaw.com\\\/es\\\/abogados-expertos-en-negocios\\\/\",\"name\":\"Abogados expertos en negocios | Kiam &amp; Abraham, LLC\",\"isPartOf\":{\"@id\":\"https:\\\/\\\/www.kiamlaw.com\\\/es\\\/#website\"},\"primaryImageOfPage\":{\"@id\":\"https:\\\/\\\/www.kiamlaw.com\\\/es\\\/abogados-expertos-en-negocios\\\/#primaryimage\"},\"image\":{\"@id\":\"https:\\\/\\\/www.kiamlaw.com\\\/es\\\/abogados-expertos-en-negocios\\\/#primaryimage\"},\"thumbnailUrl\":\"https:\\\/\\\/www.kiamlaw.com\\\/wp-content\\\/uploads\\\/2023\\\/03\\\/ben-wicks-fmEr10wvilE-unsplash.jpg\",\"datePublished\":\"2023-03-22T14:47:09+00:00\",\"dateModified\":\"2024-08-12T15:33:55+00:00\",\"description\":\"Una visi\u00f3n general de los servicios empresariales especializados que prestan los abogados de Kiam & Abraham en Nueva York y Nueva Jersey.\",\"breadcrumb\":{\"@id\":\"https:\\\/\\\/www.kiamlaw.com\\\/es\\\/abogados-expertos-en-negocios\\\/#breadcrumb\"},\"inLanguage\":\"es\",\"potentialAction\":[{\"@type\":\"ReadAction\",\"target\":[\"https:\\\/\\\/www.kiamlaw.com\\\/es\\\/abogados-expertos-en-negocios\\\/\"]}]},{\"@type\":\"ImageObject\",\"inLanguage\":\"es\",\"@id\":\"https:\\\/\\\/www.kiamlaw.com\\\/es\\\/abogados-expertos-en-negocios\\\/#primaryimage\",\"url\":\"https:\\\/\\\/www.kiamlaw.com\\\/wp-content\\\/uploads\\\/2023\\\/03\\\/ben-wicks-fmEr10wvilE-unsplash.jpg\",\"contentUrl\":\"https:\\\/\\\/www.kiamlaw.com\\\/wp-content\\\/uploads\\\/2023\\\/03\\\/ben-wicks-fmEr10wvilE-unsplash.jpg\",\"width\":1920,\"height\":1292},{\"@type\":\"BreadcrumbList\",\"@id\":\"https:\\\/\\\/www.kiamlaw.com\\\/es\\\/abogados-expertos-en-negocios\\\/#breadcrumb\",\"itemListElement\":[{\"@type\":\"ListItem\",\"position\":1,\"name\":\"Hogar\",\"item\":\"https:\\\/\\\/www.kiamlaw.com\\\/es\\\/kiam-abraham-abogados\\\/\"},{\"@type\":\"ListItem\",\"position\":2,\"name\":\"Abogados expertos en negocios\"}]},{\"@type\":\"WebSite\",\"@id\":\"https:\\\/\\\/www.kiamlaw.com\\\/es\\\/#website\",\"url\":\"https:\\\/\\\/www.kiamlaw.com\\\/es\\\/\",\"name\":\"Kiam &amp; Abraham, LLC\",\"description\":\"Attorneys at Law\",\"publisher\":{\"@id\":\"https:\\\/\\\/www.kiamlaw.com\\\/es\\\/#organization\"},\"potentialAction\":[{\"@type\":\"SearchAction\",\"target\":{\"@type\":\"EntryPoint\",\"urlTemplate\":\"https:\\\/\\\/www.kiamlaw.com\\\/es\\\/?s={search_term_string}\"},\"query-input\":{\"@type\":\"PropertyValueSpecification\",\"valueRequired\":true,\"valueName\":\"search_term_string\"}}],\"inLanguage\":\"es\"},{\"@type\":\"Organization\",\"@id\":\"https:\\\/\\\/www.kiamlaw.com\\\/es\\\/#organization\",\"name\":\"Kiam & Abraham, LLC\",\"url\":\"https:\\\/\\\/www.kiamlaw.com\\\/es\\\/\",\"logo\":{\"@type\":\"ImageObject\",\"inLanguage\":\"es\",\"@id\":\"https:\\\/\\\/www.kiamlaw.com\\\/es\\\/#\\\/schema\\\/logo\\\/image\\\/\",\"url\":\"https:\\\/\\\/www.kiamlaw.com\\\/wp-content\\\/uploads\\\/2023\\\/02\\\/favicon4.png\",\"contentUrl\":\"https:\\\/\\\/www.kiamlaw.com\\\/wp-content\\\/uploads\\\/2023\\\/02\\\/favicon4.png\",\"width\":512,\"height\":512,\"caption\":\"Kiam & Abraham, LLC\"},\"image\":{\"@id\":\"https:\\\/\\\/www.kiamlaw.com\\\/es\\\/#\\\/schema\\\/logo\\\/image\\\/\"}}]}<\/script>\n<!-- \/ Yoast SEO plugin. -->","yoast_head_json":{"title":"Abogados expertos en negocios | Kiam &amp; Abraham, LLC","description":"Una visi\u00f3n general de los servicios empresariales especializados que prestan los abogados de Kiam & Abraham en Nueva York y Nueva Jersey.","robots":{"index":"index","follow":"follow","max-snippet":"max-snippet:-1","max-image-preview":"max-image-preview:large","max-video-preview":"max-video-preview:-1"},"canonical":"https:\/\/www.kiamlaw.com\/es\/abogados-expertos-en-negocios\/","og_locale":"es_ES","og_type":"article","og_title":"Abogados expertos en negocios | Kiam &amp; Abraham, LLC","og_description":"Una visi\u00f3n general de los servicios empresariales especializados que prestan los abogados de Kiam & Abraham en Nueva York y Nueva Jersey.","og_url":"https:\/\/www.kiamlaw.com\/es\/abogados-expertos-en-negocios\/","og_site_name":"Kiam &amp; Abraham, LLC","article_modified_time":"2024-08-12T15:33:55+00:00","og_image":[{"width":1920,"height":1292,"url":"https:\/\/www.kiamlaw.com\/wp-content\/uploads\/2023\/03\/ben-wicks-fmEr10wvilE-unsplash.jpg","type":"image\/jpeg"}],"twitter_card":"summary_large_image","twitter_misc":{"Tiempo de lectura":"8 minutos"},"schema":{"@context":"https:\/\/schema.org","@graph":[{"@type":"WebPage","@id":"https:\/\/www.kiamlaw.com\/es\/abogados-expertos-en-negocios\/","url":"https:\/\/www.kiamlaw.com\/es\/abogados-expertos-en-negocios\/","name":"Abogados expertos en negocios | Kiam &amp; Abraham, LLC","isPartOf":{"@id":"https:\/\/www.kiamlaw.com\/es\/#website"},"primaryImageOfPage":{"@id":"https:\/\/www.kiamlaw.com\/es\/abogados-expertos-en-negocios\/#primaryimage"},"image":{"@id":"https:\/\/www.kiamlaw.com\/es\/abogados-expertos-en-negocios\/#primaryimage"},"thumbnailUrl":"https:\/\/www.kiamlaw.com\/wp-content\/uploads\/2023\/03\/ben-wicks-fmEr10wvilE-unsplash.jpg","datePublished":"2023-03-22T14:47:09+00:00","dateModified":"2024-08-12T15:33:55+00:00","description":"Una visi\u00f3n general de los servicios empresariales especializados que prestan los abogados de Kiam & Abraham en Nueva York y Nueva Jersey.","breadcrumb":{"@id":"https:\/\/www.kiamlaw.com\/es\/abogados-expertos-en-negocios\/#breadcrumb"},"inLanguage":"es","potentialAction":[{"@type":"ReadAction","target":["https:\/\/www.kiamlaw.com\/es\/abogados-expertos-en-negocios\/"]}]},{"@type":"ImageObject","inLanguage":"es","@id":"https:\/\/www.kiamlaw.com\/es\/abogados-expertos-en-negocios\/#primaryimage","url":"https:\/\/www.kiamlaw.com\/wp-content\/uploads\/2023\/03\/ben-wicks-fmEr10wvilE-unsplash.jpg","contentUrl":"https:\/\/www.kiamlaw.com\/wp-content\/uploads\/2023\/03\/ben-wicks-fmEr10wvilE-unsplash.jpg","width":1920,"height":1292},{"@type":"BreadcrumbList","@id":"https:\/\/www.kiamlaw.com\/es\/abogados-expertos-en-negocios\/#breadcrumb","itemListElement":[{"@type":"ListItem","position":1,"name":"Hogar","item":"https:\/\/www.kiamlaw.com\/es\/kiam-abraham-abogados\/"},{"@type":"ListItem","position":2,"name":"Abogados expertos en negocios"}]},{"@type":"WebSite","@id":"https:\/\/www.kiamlaw.com\/es\/#website","url":"https:\/\/www.kiamlaw.com\/es\/","name":"Kiam &amp; Abraham, LLC","description":"Attorneys at Law","publisher":{"@id":"https:\/\/www.kiamlaw.com\/es\/#organization"},"potentialAction":[{"@type":"SearchAction","target":{"@type":"EntryPoint","urlTemplate":"https:\/\/www.kiamlaw.com\/es\/?s={search_term_string}"},"query-input":{"@type":"PropertyValueSpecification","valueRequired":true,"valueName":"search_term_string"}}],"inLanguage":"es"},{"@type":"Organization","@id":"https:\/\/www.kiamlaw.com\/es\/#organization","name":"Kiam & Abraham, LLC","url":"https:\/\/www.kiamlaw.com\/es\/","logo":{"@type":"ImageObject","inLanguage":"es","@id":"https:\/\/www.kiamlaw.com\/es\/#\/schema\/logo\/image\/","url":"https:\/\/www.kiamlaw.com\/wp-content\/uploads\/2023\/02\/favicon4.png","contentUrl":"https:\/\/www.kiamlaw.com\/wp-content\/uploads\/2023\/02\/favicon4.png","width":512,"height":512,"caption":"Kiam & Abraham, LLC"},"image":{"@id":"https:\/\/www.kiamlaw.com\/es\/#\/schema\/logo\/image\/"}}]}},"_links":{"self":[{"href":"https:\/\/www.kiamlaw.com\/es\/wp-json\/wp\/v2\/pages\/361","targetHints":{"allow":["GET"]}}],"collection":[{"href":"https:\/\/www.kiamlaw.com\/es\/wp-json\/wp\/v2\/pages"}],"about":[{"href":"https:\/\/www.kiamlaw.com\/es\/wp-json\/wp\/v2\/types\/page"}],"author":[{"embeddable":true,"href":"https:\/\/www.kiamlaw.com\/es\/wp-json\/wp\/v2\/users\/1"}],"replies":[{"embeddable":true,"href":"https:\/\/www.kiamlaw.com\/es\/wp-json\/wp\/v2\/comments?post=361"}],"version-history":[{"count":0,"href":"https:\/\/www.kiamlaw.com\/es\/wp-json\/wp\/v2\/pages\/361\/revisions"}],"wp:featuredmedia":[{"embeddable":true,"href":"https:\/\/www.kiamlaw.com\/es\/wp-json\/wp\/v2\/media\/326"}],"wp:attachment":[{"href":"https:\/\/www.kiamlaw.com\/es\/wp-json\/wp\/v2\/media?parent=361"}],"curies":[{"name":"wp","href":"https:\/\/api.w.org\/{rel}","templated":true}]}}