{"id":363,"date":"2023-03-22T14:25:47","date_gmt":"2023-03-22T14:25:47","guid":{"rendered":"https:\/\/www.kiamlaw.com\/abogados-de-inmigracion-con-experiencia\/"},"modified":"2024-08-12T15:33:55","modified_gmt":"2024-08-12T15:33:55","slug":"abogados-de-inmigracion-con-experiencia","status":"publish","type":"page","link":"https:\/\/www.kiamlaw.com\/es\/abogados-de-inmigracion-con-experiencia\/","title":{"rendered":"Abogados de inmigraci\u00f3n con experiencia"},"content":{"rendered":"<p>[et_pb_section fb_built=\u00bb1&#8243; _builder_version=\u00bb4.19.5&#8243; use_background_color_gradient=\u00bbon\u00bb background_color_gradient_direction=\u00bb135deg\u00bb background_color_gradient_stops=\u00bb#283552 0%|rgba(103,103,102,0.5) 100%\u00bb background_enable_image=\u00bboff\u00bb parallax=\u00bbon\u00bb custom_margin=\u00bb100px||||false|false\u00bb animation_style=\u00bbfade\u00bb global_colors_info=\u00bb{}\u00bb][et_pb_row _builder_version=\u00bb4.19.5&#8243; _module_preset=\u00bbdefault\u00bb custom_padding=\u00bb2%||2%||true|false\u00bb global_colors_info=\u00bb{}\u00bb][et_pb_column type=\u00bb4_4&#8243; _builder_version=\u00bb4.19.5&#8243; _module_preset=\u00bbdefault\u00bb global_colors_info=\u00bb{}\u00bb][et_pb_text _builder_version=\u00bb4.21.0&#8243; _module_preset=\u00bbdefault\u00bb header_font=\u00bb||||||||\u00bb header_text_align=\u00bbleft\u00bb header_text_color=\u00bb#FFFFFF\u00bb header_font_size=\u00bb50px\u00bb header_line_height=\u00bb1.2em\u00bb header_2_text_color=\u00bb#FFFFFF\u00bb header_2_font_size=\u00bb32px\u00bb custom_padding=\u00bb||||false|true\u00bb animation_style=\u00bbslide\u00bb animation_direction=\u00bbright\u00bb animation_duration=\u00bb1550ms\u00bb hover_enabled=\u00bb0&#8243; global_colors_info=\u00bb{}\u00bb header_font_size_last_edited=\u00bbon|phone\u00bb header_font_size_phone=\u00bb36px\u00bb sticky_enabled=\u00bb0&#8243; header_font_size_tablet=\u00bb50px\u00bb]<\/p>\n<h1>Abogados de inmigraci\u00f3n con experiencia<\/h1>\n<p>[\/et_pb_text][\/et_pb_column][\/et_pb_row][\/et_pb_section][et_pb_section fb_built=\u00bb1&#8243; _builder_version=\u00bb4.19.5&#8243; _module_preset=\u00bbdefault\u00bb custom_margin=\u00bb||||false|false\u00bb custom_padding=\u00bb||0px||false|false\u00bb global_colors_info=\u00bb{}\u00bb][et_pb_row column_structure=\u00bb1_2,1_2&#8243; _builder_version=\u00bb4.19.5&#8243; _module_preset=\u00bbdefault\u00bb global_colors_info=\u00bb{}\u00bb][et_pb_column type=\u00bb1_2&#8243; _builder_version=\u00bb4.19.5&#8243; _module_preset=\u00bbdefault\u00bb global_colors_info=\u00bb{}\u00bb][et_pb_text _builder_version=\u00bb4.21.0&#8243; _module_preset=\u00bbdefault\u00bb text_font_size=\u00bb16px\u00bb text_line_height=\u00bb2em\u00bb global_colors_info=\u00bb{}\u00bb]<\/p>\n<h2>Pr\u00e1ctica de inmigraci\u00f3n<\/h2>\n<p>El bufete de abogados de inmigraci\u00f3n Kiam &amp; Abraham puede ofrecerte una serie de servicios para ayudarte a navegar por el complejo y siempre cambiante mundo de la ley de inmigraci\u00f3n. Nuestros abogados expertos pueden ayudarte con:<\/p>\n<ul style=\"line-height: 2em:;\">\n<ul style=\"line-height: 2em:;\">\n<li>solicitudes de visado<\/li>\n<li>tarjetas verdes<\/li>\n<li>defensa contra la deportaci\u00f3n<\/li>\n<li>naturalizaci\u00f3n<\/li>\n<li>estatuto especial de menor inmigrante (\u00abSIJS\u00bb)<\/li>\n<li>U-visas<\/li>\n<li>Exenciones 601A<\/li>\n<\/ul>\n<\/ul>\n<p>[\/et_pb_text][\/et_pb_column][et_pb_column type=\u00bb1_2&#8243; _builder_version=\u00bb4.19.5&#8243; _module_preset=\u00bbdefault\u00bb global_colors_info=\u00bb{}\u00bb][et_pb_image src=\u00bbhttps:\/\/www.kiamlaw.com\/wp-content\/uploads\/2023\/03\/miko-guziuk-JxzaDHkcOSo-unsplash-scaled.jpg\u00bb alt=\u00bbFoto de Rochelle Kiam-Abraham\u00bb title_text=\u00bbmiko-guziuk-JxzaDHkcOSo-unsplash\u00bb _builder_version=\u00bb4.19.5&#8243; _module_preset=\u00bbdefault\u00bb border_width_all=\u00bb11px\u00bb border_color_all=\u00bbrgba(103,103,102,0.07)\u00bb box_shadow_style=\u00bbpreset1&#8243; box_shadow_vertical=\u00bb0px\u00bb box_shadow_blur=\u00bb4px\u00bb global_colors_info=\u00bb{}\u00bb][\/et_pb_image][\/et_pb_column][\/et_pb_row][\/et_pb_section][et_pb_section fb_built=\u00bb1&#8243; _builder_version=\u00bb4.19.5&#8243; _module_preset=\u00bbdefault\u00bb use_background_color_gradient=\u00bbon\u00bb background_color_gradient_direction=\u00bb109deg\u00bb background_color_gradient_stops=\u00bbrgba(103,103,102,0.07) 0%|#ffffff 100%\u00bb custom_margin=\u00bb0px||||false|false\u00bb custom_padding=\u00bb0px||||false|false\u00bb global_colors_info=\u00bb{}\u00bb][et_pb_row _builder_version=\u00bb4.19.5&#8243; _module_preset=\u00bbdefault\u00bb custom_padding=\u00bb60px||||false|false\u00bb global_colors_info=\u00bb{}\u00bb][et_pb_column type=\u00bb4_4&#8243; _builder_version=\u00bb4.19.5&#8243; _module_preset=\u00bbdefault\u00bb global_colors_info=\u00bb{}\u00bb][et_pb_text _builder_version=\u00bb4.19.5&#8243; _module_preset=\u00bbdefault\u00bb header_2_font_size=\u00bb36px\u00bb text_orientation=\u00bbcenter\u00bb global_colors_info=\u00bb{}\u00bb]<\/p>\n<h2>Te ayudamos a comprender tus derechos<\/h2>\n<p>[\/et_pb_text][et_pb_text _builder_version=\u00bb4.19.5&#8243; _module_preset=\u00bbdefault\u00bb text_font_size=\u00bb16px\u00bb text_line_height=\u00bb2em\u00bb max_width=\u00bb900px\u00bb custom_margin=\u00bb|auto||auto|false|true\u00bb global_colors_info=\u00bb{}\u00bb]<\/p>\n<p>Podemos guiarte en el proceso de solicitud, representarte ante los tribunales si es necesario y proporcionarte los recursos y el apoyo que necesitas para alcanzar tus objetivos de inmigraci\u00f3n. Adem\u00e1s, podemos ayudarte a estar al d\u00eda de los \u00faltimos cambios en la legislaci\u00f3n sobre inmigraci\u00f3n, asegur\u00e1ndonos de que siempre conozcas tus derechos y responsabilidades legales.  <\/p>\n<p>[\/et_pb_text][\/et_pb_column][\/et_pb_row][\/et_pb_section][et_pb_section fb_built=\u00bb1&#8243; _builder_version=\u00bb4.19.5&#8243; _module_preset=\u00bbdefault\u00bb global_colors_info=\u00bb{}\u00bb][et_pb_row _builder_version=\u00bb4.19.5&#8243; _module_preset=\u00bbdefault\u00bb global_colors_info=\u00bb{}\u00bb][et_pb_column type=\u00bb4_4&#8243; _builder_version=\u00bb4.19.5&#8243; _module_preset=\u00bbdefault\u00bb global_colors_info=\u00bb{}\u00bb][et_pb_text _builder_version=\u00bb4.21.0&#8243; _module_preset=\u00bbdefault\u00bb text_font_size=\u00bb16px\u00bb text_line_height=\u00bb2em\u00bb header_2_font_size=\u00bb30px\u00bb header_2_line_height=\u00bb1.3em\u00bb text_orientation=\u00bbcenter\u00bb global_colors_info=\u00bb{}\u00bb]<\/p>\n<h2>Nuestros servicios jur\u00eddicos de inmigraci\u00f3n tambi\u00e9n incluyen:<\/h2>\n<p>[\/et_pb_text][\/et_pb_column][\/et_pb_row][et_pb_row column_structure=\u00bb1_2,1_2&#8243; _builder_version=\u00bb4.21.0&#8243; _module_preset=\u00bbdefault\u00bb custom_padding=\u00bb||||false|false\u00bb global_colors_info=\u00bb{}\u00bb][et_pb_column type=\u00bb1_2&#8243; _builder_version=\u00bb4.19.5&#8243; _module_preset=\u00bbdefault\u00bb global_colors_info=\u00bb{}\u00bb][et_pb_blurb title=\u00bbAviso legal\u00bb use_icon=\u00bbon\u00bb font_icon=\u00bb&#x74;||divi||400&#8243; icon_color=\u00bb#283552&#8243; icon_placement=\u00bbleft\u00bb image_icon_width=\u00bb39px\u00bb content_max_width=\u00bb900px\u00bb _builder_version=\u00bb4.21.0&#8243; _module_preset=\u00bbdefault\u00bb custom_css_blurb_title=\u00bbmin-height: 2.55em;\u00bb global_colors_info=\u00bb{}\u00bb]Ayudamos a los clientes a comprender sus derechos y obligaciones conforme a la ley de inmigraci\u00f3n estadounidense. Podemos orientarte sobre c\u00f3mo proceder en un asunto de inmigraci\u00f3n y explicarte las opciones disponibles.[\/et_pb_blurb][\/et_pb_column][et_pb_column type=\u00bb1_2&#8243; _builder_version=\u00bb4.19.5&#8243; _module_preset=\u00bbdefault\u00bb global_colors_info=\u00bb{}\u00bb][et_pb_blurb title=\u00bbPreparaci\u00f3n de la solicitud\u00bb use_icon=\u00bbon\u00bb font_icon=\u00bb&#x69;||divi||400&#8243; icon_color=\u00bb#283552&#8243; icon_placement=\u00bbleft\u00bb image_icon_width=\u00bb39px\u00bb content_max_width=\u00bb900px\u00bb _builder_version=\u00bb4.21.0&#8243; _module_preset=\u00bbdefault\u00bb custom_css_blurb_title=\u00bbmin-height: 2.55em;\u00bb global_colors_info=\u00bb{}\u00bb]Ayudamos a nuestros clientes a preparar y presentar solicitudes de visados, tarjetas de residencia, permisos de trabajo y otras prestaciones de inmigraci\u00f3n. Tambi\u00e9n podemos ayudarte a reunir la documentaci\u00f3n y las pruebas necesarias para respaldar una solicitud.[\/et_pb_blurb][\/et_pb_column][\/et_pb_row][et_pb_row column_structure=\u00bb1_2,1_2&#8243; _builder_version=\u00bb4.21.0&#8243; _module_preset=\u00bbdefault\u00bb custom_padding=\u00bb||||false|false\u00bb global_colors_info=\u00bb{}\u00bb][et_pb_column type=\u00bb1_2&#8243; _builder_version=\u00bb4.19.5&#8243; _module_preset=\u00bbdefault\u00bb global_colors_info=\u00bb{}\u00bb][et_pb_blurb title=\u00bbRepresentaci\u00f3n ante los tribunales\u00bb use_icon=\u00bbon\u00bb font_icon=\u00bb&#x76;||divi||400&#8243; icon_color=\u00bb#283552&#8243; icon_placement=\u00bbleft\u00bb image_icon_width=\u00bb39px\u00bb content_max_width=\u00bb900px\u00bb _builder_version=\u00bb4.21.0&#8243; _module_preset=\u00bbdefault\u00bb custom_css_blurb_title=\u00bbmin-height: 2.55em;\u00bb global_colors_info=\u00bb{}\u00bb]Nuestros abogados de inmigraci\u00f3n representan a clientes en procedimientos judiciales de inmigraci\u00f3n, como procesos de deportaci\u00f3n o expulsi\u00f3n. Tambi\u00e9n pueden ayudar con recursos y peticiones de reapertura o reconsideraci\u00f3n de casos.[\/et_pb_blurb][\/et_pb_column][et_pb_column type=\u00bb1_2&#8243; _builder_version=\u00bb4.19.5&#8243; _module_preset=\u00bbdefault\u00bb global_colors_info=\u00bb{}\u00bb][et_pb_blurb title=\u00bbDefensa y presi\u00f3n pol\u00edtica\u00bb use_icon=\u00bbon\u00bb font_icon=\u00bb&#x7a;||divi||400&#8243; icon_color=\u00bb#283552&#8243; icon_placement=\u00bbleft\u00bb image_icon_width=\u00bb39px\u00bb content_max_width=\u00bb900px\u00bb _builder_version=\u00bb4.21.0&#8243; _module_preset=\u00bbdefault\u00bb custom_css_blurb_title=\u00bbmin-height: 2.55em;\u00bb global_colors_info=\u00bb{}\u00bb]Podemos defender los intereses de los clientes ante los organismos gubernamentales y los responsables pol\u00edticos. Tambi\u00e9n presionamos para que se modifiquen las leyes y pol\u00edticas de inmigraci\u00f3n.[\/et_pb_blurb][\/et_pb_column][\/et_pb_row][et_pb_row column_structure=\u00bb1_2,1_2&#8243; _builder_version=\u00bb4.21.0&#8243; _module_preset=\u00bbdefault\u00bb custom_padding=\u00bb||||false|false\u00bb global_colors_info=\u00bb{}\u00bb][et_pb_column type=\u00bb1_2&#8243; _builder_version=\u00bb4.19.5&#8243; _module_preset=\u00bbdefault\u00bb global_colors_info=\u00bb{}\u00bb][et_pb_blurb title=\u00bbEducaci\u00f3n y divulgaci\u00f3n\u00bb use_icon=\u00bbon\u00bb font_icon=\u00bb&#xe022;||divi||400&#8243; icon_color=\u00bb#283552&#8243; icon_placement=\u00bbleft\u00bb image_icon_width=\u00bb39px\u00bb content_max_width=\u00bb900px\u00bb _builder_version=\u00bb4.21.0&#8243; _module_preset=\u00bbdefault\u00bb custom_css_blurb_title=\u00bbmin-height: 2.55em;\u00bb global_colors_info=\u00bb{}\u00bb]Nuestros abogados pueden informar a los clientes sobre las leyes y pol\u00edticas de inmigraci\u00f3n. Podemos realizar actividades de divulgaci\u00f3n entre las comunidades de inmigrantes para informarles de sus derechos y obligaciones conforme a la ley.[\/et_pb_blurb][\/et_pb_column][et_pb_column type=\u00bb1_2&#8243; _builder_version=\u00bb4.19.5&#8243; _module_preset=\u00bbdefault\u00bb global_colors_info=\u00bb{}\u00bb][\/et_pb_column][\/et_pb_row][et_pb_row _builder_version=\u00bb4.19.5&#8243; _module_preset=\u00bbdefault\u00bb global_colors_info=\u00bb{}\u00bb][et_pb_column type=\u00bb4_4&#8243; _builder_version=\u00bb4.19.5&#8243; _module_preset=\u00bbdefault\u00bb global_colors_info=\u00bb{}\u00bb][et_pb_button button_url=\u00bb@ET-DC@eyJkeW5hbWljIjp0cnVlLCJjb250ZW50IjoicG9zdF9saW5rX3VybF9wYWdlIiwic2V0dGluZ3MiOnsicG9zdF9pZCI6IjEyNSJ9fQ==@\u00bb button_text=\u00bbContacta con nosotros\u00bb button_alignment=\u00bbcenter\u00bb _builder_version=\u00bb4.19.5&#8243; _dynamic_attributes=\u00bbbutton_url\u00bb _module_preset=\u00bbdefault\u00bb global_colors_info=\u00bb{}\u00bb][\/et_pb_button][\/et_pb_column][\/et_pb_row][\/et_pb_section][et_pb_section fb_built=\u00bb1&#8243; _builder_version=\u00bb4.19.5&#8243; _module_preset=\u00bbdefault\u00bb use_background_color_gradient=\u00bbon\u00bb background_color_gradient_direction=\u00bb109deg\u00bb background_color_gradient_stops=\u00bbrgba(103,103,102,0.07) 0%|#ffffff 100%\u00bb custom_padding=\u00bb0px||0px||true|false\u00bb global_colors_info=\u00bb{}\u00bb][et_pb_row _builder_version=\u00bb4.19.5&#8243; _module_preset=\u00bbdefault\u00bb custom_padding=\u00bb60px||||false|false\u00bb global_colors_info=\u00bb{}\u00bb][et_pb_column type=\u00bb4_4&#8243; _builder_version=\u00bb4.19.5&#8243; _module_preset=\u00bbdefault\u00bb global_colors_info=\u00bb{}\u00bb][et_pb_text _builder_version=\u00bb4.21.0&#8243; _module_preset=\u00bbdefault\u00bb header_2_font_size=\u00bb36px\u00bb text_orientation=\u00bbcenter\u00bb global_colors_info=\u00bb{}\u00bb]<\/p>\n<h2>Equipo de Derecho de Inmigraci\u00f3n<\/h2>\n<p>[\/et_pb_text][\/et_pb_column][\/et_pb_row][et_pb_row make_equal=\u00bbon\u00bb _builder_version=\u00bb4.21.0&#8243; _module_preset=\u00bbdefault\u00bb custom_padding=\u00bb||60px||false|false\u00bb custom_css_main_element=\u00bbdisplay: flex; flex-direction: row;\u00bb global_colors_info=\u00bb{}\u00bb][et_pb_column type=\u00bb4_4&#8243; _builder_version=\u00bb4.19.5&#8243; _module_preset=\u00bbdefault\u00bb custom_css_main_element=\u00bbdisplay: flex; flex-direction: column;\u00bb global_colors_info=\u00bb{}\u00bb][et_pb_image src=\u00bbhttps:\/\/www.kiamlaw.com\/wp-content\/uploads\/2023\/03\/abraham-headshots-28-resized.jpg\u00bb alt=\u00bbFoto de Rochelle Kiam-Abraham\u00bb title_text=\u00bbabraham-headshots-28-tama\u00f1o\u00bb url=\u00bb@ET-DC@eyJkeW5hbWljIjp0cnVlLCJjb250ZW50IjoicG9zdF9saW5rX3VybF9wYWdlIiwic2V0dGluZ3MiOnsicG9zdF9pZCI6IjExMiJ9fQ==@\u00bb align=\u00bbcenter\u00bb _builder_version=\u00bb4.21.0&#8243; _dynamic_attributes=\u00bburl\u00bb _module_preset=\u00bbdefault\u00bb border_width_all=\u00bb11px\u00bb border_color_all=\u00bbrgba(103,103,102,0.07)\u00bb box_shadow_style=\u00bbpreset1&#8243; box_shadow_vertical=\u00bb0px\u00bb box_shadow_blur=\u00bb4px\u00bb global_colors_info=\u00bb{}\u00bb][\/et_pb_image][et_pb_text _builder_version=\u00bb4.21.0&#8243; _module_preset=\u00bbdefault\u00bb text_orientation=\u00bbcenter\u00bb global_colors_info=\u00bb{}\u00bb]<\/p>\n<h3>Rochelle Kiam-Abraham<\/h3>\n<p>Socio<em> &#8211; Derecho de Inmigraci\u00f3n<\/em><\/p>\n<p>[\/et_pb_text][et_pb_button button_url=\u00bb@ET-DC@eyJkeW5hbWljIjp0cnVlLCJjb250ZW50IjoicG9zdF9saW5rX3VybF9wYWdlIiwic2V0dGluZ3MiOnsicG9zdF9pZCI6IjExMiJ9fQ==@\u00bb button_text=\u00bbM\u00e1s informaci\u00f3n\u00bb button_alignment=\u00bbcenter\u00bb _builder_version=\u00bb4.19.5&#8243; _dynamic_attributes=\u00bbbutton_url\u00bb _module_preset=\u00bbdefault\u00bb custom_margin=\u00bb||||false|false\u00bb global_colors_info=\u00bb{}\u00bb][\/et_pb_button][\/et_pb_column][\/et_pb_row][\/et_pb_section]<\/p>\n","protected":false},"excerpt":{"rendered":"<p>Abogados de inmigraci\u00f3n con experienciaPr\u00e1ctica de inmigraci\u00f3n El bufete de abogados de inmigraci\u00f3n Kiam &amp; Abraham puede ofrecerte una serie de servicios para ayudarte a navegar por el complejo y siempre cambiante mundo de la ley de inmigraci\u00f3n. Nuestros abogados expertos pueden ayudarte con: solicitudes de visado tarjetas verdes defensa contra la deportaci\u00f3n naturalizaci\u00f3n estatuto [&hellip;]<\/p>\n","protected":false},"author":1,"featured_media":326,"parent":0,"menu_order":0,"comment_status":"closed","ping_status":"closed","template":"","meta":{"_et_pb_use_builder":"on","_et_pb_old_content":"","_et_gb_content_width":"","footnotes":""},"class_list":["post-363","page","type-page","status-publish","has-post-thumbnail","hentry"],"yoast_head":"<!-- This site is optimized with the Yoast SEO plugin v27.5 - https:\/\/yoast.com\/product\/yoast-seo-wordpress\/ -->\n<title>Abogados de inmigraci\u00f3n con experiencia | Kiam &amp; Abraham, LLC<\/title>\n<meta name=\"description\" content=\"Una visi\u00f3n general de los servicios de inmigraci\u00f3n que prestan los abogados de Kiam &amp; Abraham en Nueva York y Nueva Jersey.\" \/>\n<meta name=\"robots\" content=\"index, follow, max-snippet:-1, max-image-preview:large, max-video-preview:-1\" \/>\n<link rel=\"canonical\" href=\"https:\/\/www.kiamlaw.com\/es\/abogados-de-inmigracion-con-experiencia\/\" \/>\n<meta property=\"og:locale\" content=\"es_ES\" \/>\n<meta property=\"og:type\" content=\"article\" \/>\n<meta property=\"og:title\" content=\"Abogados de inmigraci\u00f3n con experiencia | Kiam &amp; Abraham, LLC\" \/>\n<meta property=\"og:description\" content=\"Una visi\u00f3n general de los servicios de inmigraci\u00f3n que prestan los abogados de Kiam &amp; Abraham en Nueva York y Nueva Jersey.\" \/>\n<meta property=\"og:url\" content=\"https:\/\/www.kiamlaw.com\/es\/abogados-de-inmigracion-con-experiencia\/\" \/>\n<meta property=\"og:site_name\" content=\"Kiam &amp; Abraham, LLC\" \/>\n<meta property=\"article:modified_time\" content=\"2024-08-12T15:33:55+00:00\" \/>\n<meta property=\"og:image\" content=\"https:\/\/www.kiamlaw.com\/wp-content\/uploads\/2023\/03\/ben-wicks-fmEr10wvilE-unsplash.jpg\" \/>\n\t<meta property=\"og:image:width\" content=\"1920\" \/>\n\t<meta property=\"og:image:height\" content=\"1292\" \/>\n\t<meta property=\"og:image:type\" content=\"image\/jpeg\" \/>\n<meta name=\"twitter:card\" content=\"summary_large_image\" \/>\n<meta name=\"twitter:label1\" content=\"Tiempo de lectura\" \/>\n\t<meta name=\"twitter:data1\" content=\"8 minutos\" \/>\n<script type=\"application\/ld+json\" class=\"yoast-schema-graph\">{\"@context\":\"https:\\\/\\\/schema.org\",\"@graph\":[{\"@type\":\"WebPage\",\"@id\":\"https:\\\/\\\/www.kiamlaw.com\\\/es\\\/abogados-de-inmigracion-con-experiencia\\\/\",\"url\":\"https:\\\/\\\/www.kiamlaw.com\\\/es\\\/abogados-de-inmigracion-con-experiencia\\\/\",\"name\":\"Abogados de inmigraci\u00f3n con experiencia | Kiam &amp; Abraham, LLC\",\"isPartOf\":{\"@id\":\"https:\\\/\\\/www.kiamlaw.com\\\/es\\\/#website\"},\"primaryImageOfPage\":{\"@id\":\"https:\\\/\\\/www.kiamlaw.com\\\/es\\\/abogados-de-inmigracion-con-experiencia\\\/#primaryimage\"},\"image\":{\"@id\":\"https:\\\/\\\/www.kiamlaw.com\\\/es\\\/abogados-de-inmigracion-con-experiencia\\\/#primaryimage\"},\"thumbnailUrl\":\"https:\\\/\\\/www.kiamlaw.com\\\/wp-content\\\/uploads\\\/2023\\\/03\\\/ben-wicks-fmEr10wvilE-unsplash.jpg\",\"datePublished\":\"2023-03-22T14:25:47+00:00\",\"dateModified\":\"2024-08-12T15:33:55+00:00\",\"description\":\"Una visi\u00f3n general de los servicios de inmigraci\u00f3n que prestan los abogados de Kiam & Abraham en Nueva York y Nueva Jersey.\",\"breadcrumb\":{\"@id\":\"https:\\\/\\\/www.kiamlaw.com\\\/es\\\/abogados-de-inmigracion-con-experiencia\\\/#breadcrumb\"},\"inLanguage\":\"es\",\"potentialAction\":[{\"@type\":\"ReadAction\",\"target\":[\"https:\\\/\\\/www.kiamlaw.com\\\/es\\\/abogados-de-inmigracion-con-experiencia\\\/\"]}]},{\"@type\":\"ImageObject\",\"inLanguage\":\"es\",\"@id\":\"https:\\\/\\\/www.kiamlaw.com\\\/es\\\/abogados-de-inmigracion-con-experiencia\\\/#primaryimage\",\"url\":\"https:\\\/\\\/www.kiamlaw.com\\\/wp-content\\\/uploads\\\/2023\\\/03\\\/ben-wicks-fmEr10wvilE-unsplash.jpg\",\"contentUrl\":\"https:\\\/\\\/www.kiamlaw.com\\\/wp-content\\\/uploads\\\/2023\\\/03\\\/ben-wicks-fmEr10wvilE-unsplash.jpg\",\"width\":1920,\"height\":1292},{\"@type\":\"BreadcrumbList\",\"@id\":\"https:\\\/\\\/www.kiamlaw.com\\\/es\\\/abogados-de-inmigracion-con-experiencia\\\/#breadcrumb\",\"itemListElement\":[{\"@type\":\"ListItem\",\"position\":1,\"name\":\"Hogar\",\"item\":\"https:\\\/\\\/www.kiamlaw.com\\\/es\\\/kiam-abraham-abogados\\\/\"},{\"@type\":\"ListItem\",\"position\":2,\"name\":\"Abogados de inmigraci\u00f3n con experiencia\"}]},{\"@type\":\"WebSite\",\"@id\":\"https:\\\/\\\/www.kiamlaw.com\\\/es\\\/#website\",\"url\":\"https:\\\/\\\/www.kiamlaw.com\\\/es\\\/\",\"name\":\"Kiam &amp; Abraham, LLC\",\"description\":\"Attorneys at Law\",\"publisher\":{\"@id\":\"https:\\\/\\\/www.kiamlaw.com\\\/es\\\/#organization\"},\"potentialAction\":[{\"@type\":\"SearchAction\",\"target\":{\"@type\":\"EntryPoint\",\"urlTemplate\":\"https:\\\/\\\/www.kiamlaw.com\\\/es\\\/?s={search_term_string}\"},\"query-input\":{\"@type\":\"PropertyValueSpecification\",\"valueRequired\":true,\"valueName\":\"search_term_string\"}}],\"inLanguage\":\"es\"},{\"@type\":\"Organization\",\"@id\":\"https:\\\/\\\/www.kiamlaw.com\\\/es\\\/#organization\",\"name\":\"Kiam & Abraham, LLC\",\"url\":\"https:\\\/\\\/www.kiamlaw.com\\\/es\\\/\",\"logo\":{\"@type\":\"ImageObject\",\"inLanguage\":\"es\",\"@id\":\"https:\\\/\\\/www.kiamlaw.com\\\/es\\\/#\\\/schema\\\/logo\\\/image\\\/\",\"url\":\"https:\\\/\\\/www.kiamlaw.com\\\/wp-content\\\/uploads\\\/2023\\\/02\\\/favicon4.png\",\"contentUrl\":\"https:\\\/\\\/www.kiamlaw.com\\\/wp-content\\\/uploads\\\/2023\\\/02\\\/favicon4.png\",\"width\":512,\"height\":512,\"caption\":\"Kiam & Abraham, LLC\"},\"image\":{\"@id\":\"https:\\\/\\\/www.kiamlaw.com\\\/es\\\/#\\\/schema\\\/logo\\\/image\\\/\"}}]}<\/script>\n<!-- \/ Yoast SEO plugin. -->","yoast_head_json":{"title":"Abogados de inmigraci\u00f3n con experiencia | Kiam &amp; Abraham, LLC","description":"Una visi\u00f3n general de los servicios de inmigraci\u00f3n que prestan los abogados de Kiam & Abraham en Nueva York y Nueva Jersey.","robots":{"index":"index","follow":"follow","max-snippet":"max-snippet:-1","max-image-preview":"max-image-preview:large","max-video-preview":"max-video-preview:-1"},"canonical":"https:\/\/www.kiamlaw.com\/es\/abogados-de-inmigracion-con-experiencia\/","og_locale":"es_ES","og_type":"article","og_title":"Abogados de inmigraci\u00f3n con experiencia | Kiam &amp; Abraham, LLC","og_description":"Una visi\u00f3n general de los servicios de inmigraci\u00f3n que prestan los abogados de Kiam & Abraham en Nueva York y Nueva Jersey.","og_url":"https:\/\/www.kiamlaw.com\/es\/abogados-de-inmigracion-con-experiencia\/","og_site_name":"Kiam &amp; Abraham, LLC","article_modified_time":"2024-08-12T15:33:55+00:00","og_image":[{"width":1920,"height":1292,"url":"https:\/\/www.kiamlaw.com\/wp-content\/uploads\/2023\/03\/ben-wicks-fmEr10wvilE-unsplash.jpg","type":"image\/jpeg"}],"twitter_card":"summary_large_image","twitter_misc":{"Tiempo de lectura":"8 minutos"},"schema":{"@context":"https:\/\/schema.org","@graph":[{"@type":"WebPage","@id":"https:\/\/www.kiamlaw.com\/es\/abogados-de-inmigracion-con-experiencia\/","url":"https:\/\/www.kiamlaw.com\/es\/abogados-de-inmigracion-con-experiencia\/","name":"Abogados de inmigraci\u00f3n con experiencia | Kiam &amp; Abraham, LLC","isPartOf":{"@id":"https:\/\/www.kiamlaw.com\/es\/#website"},"primaryImageOfPage":{"@id":"https:\/\/www.kiamlaw.com\/es\/abogados-de-inmigracion-con-experiencia\/#primaryimage"},"image":{"@id":"https:\/\/www.kiamlaw.com\/es\/abogados-de-inmigracion-con-experiencia\/#primaryimage"},"thumbnailUrl":"https:\/\/www.kiamlaw.com\/wp-content\/uploads\/2023\/03\/ben-wicks-fmEr10wvilE-unsplash.jpg","datePublished":"2023-03-22T14:25:47+00:00","dateModified":"2024-08-12T15:33:55+00:00","description":"Una visi\u00f3n general de los servicios de inmigraci\u00f3n que prestan los abogados de Kiam & Abraham en Nueva York y Nueva Jersey.","breadcrumb":{"@id":"https:\/\/www.kiamlaw.com\/es\/abogados-de-inmigracion-con-experiencia\/#breadcrumb"},"inLanguage":"es","potentialAction":[{"@type":"ReadAction","target":["https:\/\/www.kiamlaw.com\/es\/abogados-de-inmigracion-con-experiencia\/"]}]},{"@type":"ImageObject","inLanguage":"es","@id":"https:\/\/www.kiamlaw.com\/es\/abogados-de-inmigracion-con-experiencia\/#primaryimage","url":"https:\/\/www.kiamlaw.com\/wp-content\/uploads\/2023\/03\/ben-wicks-fmEr10wvilE-unsplash.jpg","contentUrl":"https:\/\/www.kiamlaw.com\/wp-content\/uploads\/2023\/03\/ben-wicks-fmEr10wvilE-unsplash.jpg","width":1920,"height":1292},{"@type":"BreadcrumbList","@id":"https:\/\/www.kiamlaw.com\/es\/abogados-de-inmigracion-con-experiencia\/#breadcrumb","itemListElement":[{"@type":"ListItem","position":1,"name":"Hogar","item":"https:\/\/www.kiamlaw.com\/es\/kiam-abraham-abogados\/"},{"@type":"ListItem","position":2,"name":"Abogados de inmigraci\u00f3n con experiencia"}]},{"@type":"WebSite","@id":"https:\/\/www.kiamlaw.com\/es\/#website","url":"https:\/\/www.kiamlaw.com\/es\/","name":"Kiam &amp; Abraham, LLC","description":"Attorneys at Law","publisher":{"@id":"https:\/\/www.kiamlaw.com\/es\/#organization"},"potentialAction":[{"@type":"SearchAction","target":{"@type":"EntryPoint","urlTemplate":"https:\/\/www.kiamlaw.com\/es\/?s={search_term_string}"},"query-input":{"@type":"PropertyValueSpecification","valueRequired":true,"valueName":"search_term_string"}}],"inLanguage":"es"},{"@type":"Organization","@id":"https:\/\/www.kiamlaw.com\/es\/#organization","name":"Kiam & Abraham, LLC","url":"https:\/\/www.kiamlaw.com\/es\/","logo":{"@type":"ImageObject","inLanguage":"es","@id":"https:\/\/www.kiamlaw.com\/es\/#\/schema\/logo\/image\/","url":"https:\/\/www.kiamlaw.com\/wp-content\/uploads\/2023\/02\/favicon4.png","contentUrl":"https:\/\/www.kiamlaw.com\/wp-content\/uploads\/2023\/02\/favicon4.png","width":512,"height":512,"caption":"Kiam & Abraham, LLC"},"image":{"@id":"https:\/\/www.kiamlaw.com\/es\/#\/schema\/logo\/image\/"}}]}},"_links":{"self":[{"href":"https:\/\/www.kiamlaw.com\/es\/wp-json\/wp\/v2\/pages\/363","targetHints":{"allow":["GET"]}}],"collection":[{"href":"https:\/\/www.kiamlaw.com\/es\/wp-json\/wp\/v2\/pages"}],"about":[{"href":"https:\/\/www.kiamlaw.com\/es\/wp-json\/wp\/v2\/types\/page"}],"author":[{"embeddable":true,"href":"https:\/\/www.kiamlaw.com\/es\/wp-json\/wp\/v2\/users\/1"}],"replies":[{"embeddable":true,"href":"https:\/\/www.kiamlaw.com\/es\/wp-json\/wp\/v2\/comments?post=363"}],"version-history":[{"count":0,"href":"https:\/\/www.kiamlaw.com\/es\/wp-json\/wp\/v2\/pages\/363\/revisions"}],"wp:featuredmedia":[{"embeddable":true,"href":"https:\/\/www.kiamlaw.com\/es\/wp-json\/wp\/v2\/media\/326"}],"wp:attachment":[{"href":"https:\/\/www.kiamlaw.com\/es\/wp-json\/wp\/v2\/media?parent=363"}],"curies":[{"name":"wp","href":"https:\/\/api.w.org\/{rel}","templated":true}]}}