{"id":364,"date":"2023-06-12T15:36:19","date_gmt":"2023-06-12T15:36:19","guid":{"rendered":"https:\/\/www.kiamlaw.com\/andrew-s-roth\/"},"modified":"2024-08-12T15:34:03","modified_gmt":"2024-08-12T15:34:03","slug":"andrew-s-roth","status":"publish","type":"page","link":"https:\/\/www.kiamlaw.com\/es\/el-equipo-de-kiam-y-abraham\/andrew-s-roth\/","title":{"rendered":"Andrew S. Roth"},"content":{"rendered":"<p>[et_pb_section fb_built=\u00bb1&#8243; _builder_version=\u00bb4.19.5&#8243; use_background_color_gradient=\u00bbon\u00bb background_color_gradient_direction=\u00bb135deg\u00bb background_color_gradient_stops=\u00bb#283552 0%|rgba(103,103,102,0.5) 100%\u00bb background_enable_image=\u00bboff\u00bb parallax=\u00bbon\u00bb custom_margin=\u00bb100px||||false|false\u00bb animation_style=\u00bbfade\u00bb global_colors_info=\u00bb{}\u00bb][et_pb_row column_structure=\u00bb2_3,1_3&#8243; _builder_version=\u00bb4.19.5&#8243; _module_preset=\u00bbdefault\u00bb custom_padding=\u00bb2%||2%||true|false\u00bb global_colors_info=\u00bb{}\u00bb][et_pb_column type=\u00bb2_3&#8243; _builder_version=\u00bb4.19.5&#8243; _module_preset=\u00bbdefault\u00bb global_colors_info=\u00bb{}\u00bb][et_pb_text _builder_version=\u00bb4.21.0&#8243; _module_preset=\u00bbdefault\u00bb header_font=\u00bb||||||||\u00bb header_text_align=\u00bbleft\u00bb header_text_color=\u00bb#FFFFFF\u00bb header_font_size=\u00bb50px\u00bb header_line_height=\u00bb1.2em\u00bb header_2_text_color=\u00bb#FFFFFF\u00bb header_2_font_size=\u00bb32px\u00bb custom_padding=\u00bb||||false|true\u00bb animation_style=\u00bbslide\u00bb animation_direction=\u00bbright\u00bb animation_duration=\u00bb1550ms\u00bb global_colors_info=\u00bb{}\u00bb header_font_size_tablet=\u00bb50px\u00bb header_font_size_phone=\u00bb36px\u00bb header_font_size_last_edited=\u00bbon|phone\u00bb]<\/p>\n<h1>Andrew S. Roth<\/h1>\n<h2>Derecho inmobiliario<\/h2>\n<p>[\/et_pb_text][\/et_pb_column][et_pb_column type=\u00bb1_3&#8243; _builder_version=\u00bb4.19.5&#8243; _module_preset=\u00bbdefault\u00bb global_colors_info=\u00bb{}\u00bb][\/et_pb_column][\/et_pb_row][\/et_pb_section][et_pb_section fb_built=\u00bb1&#8243; _builder_version=\u00bb4.19.5&#8243; _module_preset=\u00bbdefault\u00bb custom_margin=\u00bb||||false|false\u00bb custom_padding=\u00bb||||true|false\u00bb global_colors_info=\u00bb{}\u00bb][et_pb_row column_structure=\u00bb1_3,2_3&#8243; _builder_version=\u00bb4.19.5&#8243; _module_preset=\u00bbdefault\u00bb global_colors_info=\u00bb{}\u00bb][et_pb_column type=\u00bb1_3&#8243; _builder_version=\u00bb4.19.5&#8243; _module_preset=\u00bbdefault\u00bb animation_style=\u00bbfade\u00bb global_colors_info=\u00bb{}\u00bb][et_pb_image src=\u00bbhttps:\/\/www.kiamlaw.com\/wp-content\/uploads\/2023\/06\/abraham-headshots-34-resized.jpg\u00bb alt=\u00bbFoto de Andy Roth\u00bb title_text=\u00bbabraham-headshots-34-tama\u00f1o reducido\u00bb _builder_version=\u00bb4.21.0&#8243; _module_preset=\u00bbdefault\u00bb border_width_all=\u00bb11px\u00bb border_color_all=\u00bbrgba(103,103,102,0.07)\u00bb box_shadow_style=\u00bbpreset1&#8243; box_shadow_vertical=\u00bb0px\u00bb box_shadow_blur=\u00bb4px\u00bb global_colors_info=\u00bb{}\u00bb][\/et_pb_image][\/et_pb_column][et_pb_column type=\u00bb2_3&#8243; _builder_version=\u00bb4.19.5&#8243; _module_preset=\u00bbdefault\u00bb animation_style=\u00bbfade\u00bb global_colors_info=\u00bb{}\u00bb][et_pb_text _builder_version=\u00bb4.21.0&#8243; _module_preset=\u00bbdefault\u00bb text_font_size=\u00bb16px\u00bb text_line_height=\u00bb1.9em\u00bb header_2_font_size=\u00bb36px\u00bb header_2_line_height=\u00bb1.6em\u00bb custom_padding=\u00bb0px||0px||false|false\u00bb global_colors_info=\u00bb{}\u00bb]<\/p>\n<h2>Sobre Andrew S. Roth<\/h2>\n<p>Andrew S. Roth es abogado en ejercicio desde hace m\u00e1s de veinticinco (25) a\u00f1os. Su pr\u00e1ctica se centra en el sector inmobiliario comercial y residencial, incluidas la compraventa, el arrendamiento comercial, la financiaci\u00f3n comercial y residencial, la liquidaci\u00f3n de propiedades en dificultades y los intercambios 1031.<\/p>\n<p>Andrew obtuvo su LL.M. (M\u00e1ster en Derecho) en Desarrollo de la Propiedad Inmobiliaria por la Universidad de Miami, y obtuvo su Juris Doctor por la Universidad de Buffalo. Andrew tambi\u00e9n se licenci\u00f3 (Cum Laude) por la Universidad Estatal de Nueva York en Albany.<\/p>\n<p>Andrew est\u00e1 colegiado tanto en Nueva York como en Nueva Jersey, y admitido en el Tribunal de Distrito de los Estados Unidos para el Distrito de Nueva Jersey. Adem\u00e1s, Andrew fue seleccionado entre los <strong>2023 New Jersey <\/strong><span><strong>Super<\/strong><\/span> <span><strong>Abogados<\/strong><\/span>y ha sido reconocido tanto por la revista \u00ab201\u00bb como por la revista \u00abBergen\u00bb como uno de los \u00abMejores Abogados de Bergen\u00bb en 2016, 2017, 2018, 2019, 2021, 2022 y 2023.<\/p>\n<p>Andrew ha ejercido anteriormente como fiscal municipal suplente del distrito de Oakland, Nueva Jersey, y de 2004 a 2008 estuvo habilitado como abogado penalista en el estado de Nueva Jersey. Anteriormente, Andrew fue miembro del Consejo de Administraci\u00f3n y Asesor Jur\u00eddico General del Templo Avodat Shalom de River Edge, Nueva Jersey.<\/p>\n<p>&nbsp;<\/p>\n<p>[\/et_pb_text][et_pb_button button_url=\u00bb@ET-DC@eyJkeW5hbWljIjp0cnVlLCJjb250ZW50IjoicG9zdF9saW5rX3VybF9wYWdlIiwic2V0dGluZ3MiOnsicG9zdF9pZCI6IjEwNSJ9fQ==@\u00bb button_text=\u00bbVolver al equipo\u00bb _builder_version=\u00bb4.19.5&#8243; _dynamic_attributes=\u00bbbutton_url\u00bb _module_preset=\u00bbdefault\u00bb global_colors_info=\u00bb{}\u00bb][\/et_pb_button][\/et_pb_column][\/et_pb_row][\/et_pb_section]<\/p>\n","protected":false},"excerpt":{"rendered":"<p>Andrew S. Roth Derecho inmobiliarioSobre Andrew S. Roth Andrew S. Roth es abogado en ejercicio desde hace m\u00e1s de veinticinco (25) a\u00f1os. Su pr\u00e1ctica se centra en el sector inmobiliario comercial y residencial, incluidas la compraventa, el arrendamiento comercial, la financiaci\u00f3n comercial y residencial, la liquidaci\u00f3n de propiedades en dificultades y los intercambios 1031. Andrew [&hellip;]<\/p>\n","protected":false},"author":1,"featured_media":0,"parent":369,"menu_order":0,"comment_status":"closed","ping_status":"closed","template":"","meta":{"_et_pb_use_builder":"on","_et_pb_old_content":"","_et_gb_content_width":"","footnotes":""},"class_list":["post-364","page","type-page","status-publish","hentry"],"yoast_head":"<!-- This site is optimized with the Yoast SEO plugin v27.3 - https:\/\/yoast.com\/product\/yoast-seo-wordpress\/ -->\n<title>Andrew S. Roth | Kiam &amp; Abraham, LLC<\/title>\n<meta name=\"description\" content=\"Andrew S. Roth es abogado en ejercicio desde hace m\u00e1s de veinticinco a\u00f1os. Su pr\u00e1ctica se centra en el sector inmobiliario comercial y residencial.\" \/>\n<meta name=\"robots\" content=\"index, follow, max-snippet:-1, max-image-preview:large, max-video-preview:-1\" \/>\n<link rel=\"canonical\" href=\"https:\/\/www.kiamlaw.com\/es\/el-equipo-de-kiam-y-abraham\/andrew-s-roth\/\" \/>\n<meta property=\"og:locale\" content=\"es_ES\" \/>\n<meta property=\"og:type\" content=\"article\" \/>\n<meta property=\"og:title\" content=\"Andrew S. Roth | Kiam &amp; Abraham, LLC\" \/>\n<meta property=\"og:description\" content=\"Andrew S. Roth es abogado en ejercicio desde hace m\u00e1s de veinticinco a\u00f1os. Su pr\u00e1ctica se centra en el sector inmobiliario comercial y residencial.\" \/>\n<meta property=\"og:url\" content=\"https:\/\/www.kiamlaw.com\/es\/el-equipo-de-kiam-y-abraham\/andrew-s-roth\/\" \/>\n<meta property=\"og:site_name\" content=\"Kiam &amp; Abraham, LLC\" \/>\n<meta property=\"article:modified_time\" content=\"2024-08-12T15:34:03+00:00\" \/>\n<meta name=\"twitter:card\" content=\"summary_large_image\" \/>\n<meta name=\"twitter:label1\" content=\"Tiempo de lectura\" \/>\n\t<meta name=\"twitter:data1\" content=\"3 minutos\" \/>\n<script type=\"application\/ld+json\" class=\"yoast-schema-graph\">{\"@context\":\"https:\\\/\\\/schema.org\",\"@graph\":[{\"@type\":\"WebPage\",\"@id\":\"https:\\\/\\\/www.kiamlaw.com\\\/es\\\/el-equipo-de-kiam-y-abraham\\\/andrew-s-roth\\\/\",\"url\":\"https:\\\/\\\/www.kiamlaw.com\\\/es\\\/el-equipo-de-kiam-y-abraham\\\/andrew-s-roth\\\/\",\"name\":\"Andrew S. Roth | Kiam &amp; Abraham, LLC\",\"isPartOf\":{\"@id\":\"https:\\\/\\\/www.kiamlaw.com\\\/es\\\/#website\"},\"datePublished\":\"2023-06-12T15:36:19+00:00\",\"dateModified\":\"2024-08-12T15:34:03+00:00\",\"description\":\"Andrew S. Roth es abogado en ejercicio desde hace m\u00e1s de veinticinco a\u00f1os. Su pr\u00e1ctica se centra en el sector inmobiliario comercial y residencial.\",\"breadcrumb\":{\"@id\":\"https:\\\/\\\/www.kiamlaw.com\\\/es\\\/el-equipo-de-kiam-y-abraham\\\/andrew-s-roth\\\/#breadcrumb\"},\"inLanguage\":\"es\",\"potentialAction\":[{\"@type\":\"ReadAction\",\"target\":[\"https:\\\/\\\/www.kiamlaw.com\\\/es\\\/el-equipo-de-kiam-y-abraham\\\/andrew-s-roth\\\/\"]}]},{\"@type\":\"BreadcrumbList\",\"@id\":\"https:\\\/\\\/www.kiamlaw.com\\\/es\\\/el-equipo-de-kiam-y-abraham\\\/andrew-s-roth\\\/#breadcrumb\",\"itemListElement\":[{\"@type\":\"ListItem\",\"position\":1,\"name\":\"Hogar\",\"item\":\"https:\\\/\\\/www.kiamlaw.com\\\/es\\\/kiam-abraham-abogados\\\/\"},{\"@type\":\"ListItem\",\"position\":2,\"name\":\"El equipo de Kiam y Abraham\",\"item\":\"https:\\\/\\\/www.kiamlaw.com\\\/es\\\/el-equipo-de-kiam-y-abraham\\\/\"},{\"@type\":\"ListItem\",\"position\":3,\"name\":\"Andrew S. Roth\"}]},{\"@type\":\"WebSite\",\"@id\":\"https:\\\/\\\/www.kiamlaw.com\\\/es\\\/#website\",\"url\":\"https:\\\/\\\/www.kiamlaw.com\\\/es\\\/\",\"name\":\"Kiam &amp; Abraham, LLC\",\"description\":\"Attorneys at Law\",\"publisher\":{\"@id\":\"https:\\\/\\\/www.kiamlaw.com\\\/es\\\/#organization\"},\"potentialAction\":[{\"@type\":\"SearchAction\",\"target\":{\"@type\":\"EntryPoint\",\"urlTemplate\":\"https:\\\/\\\/www.kiamlaw.com\\\/es\\\/?s={search_term_string}\"},\"query-input\":{\"@type\":\"PropertyValueSpecification\",\"valueRequired\":true,\"valueName\":\"search_term_string\"}}],\"inLanguage\":\"es\"},{\"@type\":\"Organization\",\"@id\":\"https:\\\/\\\/www.kiamlaw.com\\\/es\\\/#organization\",\"name\":\"Kiam & Abraham, LLC\",\"url\":\"https:\\\/\\\/www.kiamlaw.com\\\/es\\\/\",\"logo\":{\"@type\":\"ImageObject\",\"inLanguage\":\"es\",\"@id\":\"https:\\\/\\\/www.kiamlaw.com\\\/es\\\/#\\\/schema\\\/logo\\\/image\\\/\",\"url\":\"https:\\\/\\\/www.kiamlaw.com\\\/wp-content\\\/uploads\\\/2023\\\/02\\\/favicon4.png\",\"contentUrl\":\"https:\\\/\\\/www.kiamlaw.com\\\/wp-content\\\/uploads\\\/2023\\\/02\\\/favicon4.png\",\"width\":512,\"height\":512,\"caption\":\"Kiam & Abraham, LLC\"},\"image\":{\"@id\":\"https:\\\/\\\/www.kiamlaw.com\\\/es\\\/#\\\/schema\\\/logo\\\/image\\\/\"}}]}<\/script>\n<!-- \/ Yoast SEO plugin. -->","yoast_head_json":{"title":"Andrew S. Roth | Kiam &amp; Abraham, LLC","description":"Andrew S. Roth es abogado en ejercicio desde hace m\u00e1s de veinticinco a\u00f1os. Su pr\u00e1ctica se centra en el sector inmobiliario comercial y residencial.","robots":{"index":"index","follow":"follow","max-snippet":"max-snippet:-1","max-image-preview":"max-image-preview:large","max-video-preview":"max-video-preview:-1"},"canonical":"https:\/\/www.kiamlaw.com\/es\/el-equipo-de-kiam-y-abraham\/andrew-s-roth\/","og_locale":"es_ES","og_type":"article","og_title":"Andrew S. Roth | Kiam &amp; Abraham, LLC","og_description":"Andrew S. Roth es abogado en ejercicio desde hace m\u00e1s de veinticinco a\u00f1os. Su pr\u00e1ctica se centra en el sector inmobiliario comercial y residencial.","og_url":"https:\/\/www.kiamlaw.com\/es\/el-equipo-de-kiam-y-abraham\/andrew-s-roth\/","og_site_name":"Kiam &amp; Abraham, LLC","article_modified_time":"2024-08-12T15:34:03+00:00","twitter_card":"summary_large_image","twitter_misc":{"Tiempo de lectura":"3 minutos"},"schema":{"@context":"https:\/\/schema.org","@graph":[{"@type":"WebPage","@id":"https:\/\/www.kiamlaw.com\/es\/el-equipo-de-kiam-y-abraham\/andrew-s-roth\/","url":"https:\/\/www.kiamlaw.com\/es\/el-equipo-de-kiam-y-abraham\/andrew-s-roth\/","name":"Andrew S. Roth | Kiam &amp; Abraham, LLC","isPartOf":{"@id":"https:\/\/www.kiamlaw.com\/es\/#website"},"datePublished":"2023-06-12T15:36:19+00:00","dateModified":"2024-08-12T15:34:03+00:00","description":"Andrew S. Roth es abogado en ejercicio desde hace m\u00e1s de veinticinco a\u00f1os. Su pr\u00e1ctica se centra en el sector inmobiliario comercial y residencial.","breadcrumb":{"@id":"https:\/\/www.kiamlaw.com\/es\/el-equipo-de-kiam-y-abraham\/andrew-s-roth\/#breadcrumb"},"inLanguage":"es","potentialAction":[{"@type":"ReadAction","target":["https:\/\/www.kiamlaw.com\/es\/el-equipo-de-kiam-y-abraham\/andrew-s-roth\/"]}]},{"@type":"BreadcrumbList","@id":"https:\/\/www.kiamlaw.com\/es\/el-equipo-de-kiam-y-abraham\/andrew-s-roth\/#breadcrumb","itemListElement":[{"@type":"ListItem","position":1,"name":"Hogar","item":"https:\/\/www.kiamlaw.com\/es\/kiam-abraham-abogados\/"},{"@type":"ListItem","position":2,"name":"El equipo de Kiam y Abraham","item":"https:\/\/www.kiamlaw.com\/es\/el-equipo-de-kiam-y-abraham\/"},{"@type":"ListItem","position":3,"name":"Andrew S. Roth"}]},{"@type":"WebSite","@id":"https:\/\/www.kiamlaw.com\/es\/#website","url":"https:\/\/www.kiamlaw.com\/es\/","name":"Kiam &amp; Abraham, LLC","description":"Attorneys at Law","publisher":{"@id":"https:\/\/www.kiamlaw.com\/es\/#organization"},"potentialAction":[{"@type":"SearchAction","target":{"@type":"EntryPoint","urlTemplate":"https:\/\/www.kiamlaw.com\/es\/?s={search_term_string}"},"query-input":{"@type":"PropertyValueSpecification","valueRequired":true,"valueName":"search_term_string"}}],"inLanguage":"es"},{"@type":"Organization","@id":"https:\/\/www.kiamlaw.com\/es\/#organization","name":"Kiam & Abraham, LLC","url":"https:\/\/www.kiamlaw.com\/es\/","logo":{"@type":"ImageObject","inLanguage":"es","@id":"https:\/\/www.kiamlaw.com\/es\/#\/schema\/logo\/image\/","url":"https:\/\/www.kiamlaw.com\/wp-content\/uploads\/2023\/02\/favicon4.png","contentUrl":"https:\/\/www.kiamlaw.com\/wp-content\/uploads\/2023\/02\/favicon4.png","width":512,"height":512,"caption":"Kiam & Abraham, LLC"},"image":{"@id":"https:\/\/www.kiamlaw.com\/es\/#\/schema\/logo\/image\/"}}]}},"_links":{"self":[{"href":"https:\/\/www.kiamlaw.com\/es\/wp-json\/wp\/v2\/pages\/364","targetHints":{"allow":["GET"]}}],"collection":[{"href":"https:\/\/www.kiamlaw.com\/es\/wp-json\/wp\/v2\/pages"}],"about":[{"href":"https:\/\/www.kiamlaw.com\/es\/wp-json\/wp\/v2\/types\/page"}],"author":[{"embeddable":true,"href":"https:\/\/www.kiamlaw.com\/es\/wp-json\/wp\/v2\/users\/1"}],"replies":[{"embeddable":true,"href":"https:\/\/www.kiamlaw.com\/es\/wp-json\/wp\/v2\/comments?post=364"}],"version-history":[{"count":0,"href":"https:\/\/www.kiamlaw.com\/es\/wp-json\/wp\/v2\/pages\/364\/revisions"}],"up":[{"embeddable":true,"href":"https:\/\/www.kiamlaw.com\/es\/wp-json\/wp\/v2\/pages\/369"}],"wp:attachment":[{"href":"https:\/\/www.kiamlaw.com\/es\/wp-json\/wp\/v2\/media?parent=364"}],"curies":[{"name":"wp","href":"https:\/\/api.w.org\/{rel}","templated":true}]}}