{"id":367,"date":"2023-03-20T19:41:58","date_gmt":"2023-03-20T19:41:58","guid":{"rendered":"https:\/\/www.kiamlaw.com\/daniel-abraham-derecho-mercantil\/"},"modified":"2024-08-12T15:34:06","modified_gmt":"2024-08-12T15:34:06","slug":"daniel-abraham-derecho-mercantil","status":"publish","type":"page","link":"https:\/\/www.kiamlaw.com\/es\/el-equipo-de-kiam-y-abraham\/daniel-abraham-derecho-mercantil\/","title":{"rendered":"Daniel Abraham &#8211; Derecho Mercantil"},"content":{"rendered":"<p>[et_pb_section fb_built=\u00bb1&#8243; _builder_version=\u00bb4.19.5&#8243; use_background_color_gradient=\u00bbon\u00bb background_color_gradient_direction=\u00bb135deg\u00bb background_color_gradient_stops=\u00bb#283552 0%|rgba(103,103,102,0.5) 100%\u00bb background_enable_image=\u00bboff\u00bb parallax=\u00bbon\u00bb custom_margin=\u00bb100px||||false|false\u00bb animation_style=\u00bbfade\u00bb global_colors_info=\u00bb{}\u00bb][et_pb_row column_structure=\u00bb2_3,1_3&#8243; _builder_version=\u00bb4.19.5&#8243; _module_preset=\u00bbdefault\u00bb custom_padding=\u00bb2%||2%||true|false\u00bb global_colors_info=\u00bb{}\u00bb][et_pb_column type=\u00bb2_3&#8243; _builder_version=\u00bb4.19.5&#8243; _module_preset=\u00bbdefault\u00bb global_colors_info=\u00bb{}\u00bb][et_pb_text _builder_version=\u00bb4.19.5&#8243; _module_preset=\u00bbdefault\u00bb header_font=\u00bb||||||||\u00bb header_text_align=\u00bbleft\u00bb header_text_color=\u00bb#FFFFFF\u00bb header_font_size=\u00bb50px\u00bb header_line_height=\u00bb1.2em\u00bb header_2_text_color=\u00bb#FFFFFF\u00bb header_2_font_size=\u00bb32px\u00bb custom_padding=\u00bb||||false|true\u00bb animation_style=\u00bbslide\u00bb animation_direction=\u00bbright\u00bb animation_duration=\u00bb1550ms\u00bb global_colors_info=\u00bb{}\u00bb header_font_size_tablet=\u00bb50px\u00bb header_font_size_phone=\u00bb36px\u00bb header_font_size_last_edited=\u00bbon|phone\u00bb]<\/p>\n<h1>Daniel Abraham<\/h1>\n<h2>Derecho Mercantil<\/h2>\n<p>[\/et_pb_text][\/et_pb_column][et_pb_column type=\u00bb1_3&#8243; _builder_version=\u00bb4.19.5&#8243; _module_preset=\u00bbdefault\u00bb global_colors_info=\u00bb{}\u00bb][\/et_pb_column][\/et_pb_row][\/et_pb_section][et_pb_section fb_built=\u00bb1&#8243; _builder_version=\u00bb4.19.5&#8243; _module_preset=\u00bbdefault\u00bb custom_margin=\u00bb||||false|false\u00bb custom_padding=\u00bb||||true|false\u00bb global_colors_info=\u00bb{}\u00bb][et_pb_row column_structure=\u00bb1_3,2_3&#8243; _builder_version=\u00bb4.19.5&#8243; _module_preset=\u00bbdefault\u00bb global_colors_info=\u00bb{}\u00bb][et_pb_column type=\u00bb1_3&#8243; _builder_version=\u00bb4.19.5&#8243; _module_preset=\u00bbdefault\u00bb animation_style=\u00bbfade\u00bb global_colors_info=\u00bb{}\u00bb][et_pb_image src=\u00bbhttps:\/\/www.kiamlaw.com\/wp-content\/uploads\/2023\/03\/abraham-headshots-13-resized.jpg\u00bb alt=\u00bbFoto de Daniel Abraham\u00bb title_text=\u00bbabraham-headshots-13-tama\u00f1o\u00bb _builder_version=\u00bb4.19.5&#8243; _module_preset=\u00bbdefault\u00bb border_width_all=\u00bb11px\u00bb border_color_all=\u00bbrgba(103,103,102,0.07)\u00bb box_shadow_style=\u00bbpreset1&#8243; box_shadow_vertical=\u00bb0px\u00bb box_shadow_blur=\u00bb4px\u00bb global_colors_info=\u00bb{}\u00bb][\/et_pb_image][\/et_pb_column][et_pb_column type=\u00bb2_3&#8243; _builder_version=\u00bb4.19.5&#8243; _module_preset=\u00bbdefault\u00bb animation_style=\u00bbfade\u00bb global_colors_info=\u00bb{}\u00bb][et_pb_text _builder_version=\u00bb4.19.5&#8243; _module_preset=\u00bbdefault\u00bb text_font_size=\u00bb16px\u00bb text_line_height=\u00bb1.9em\u00bb header_2_font_size=\u00bb36px\u00bb header_2_line_height=\u00bb1.6em\u00bb custom_padding=\u00bb0px||0px||false|false\u00bb global_colors_info=\u00bb{}\u00bb]<\/p>\n<h2>Sobre Daniel Abraham<\/h2>\n<p>Dan Abraham ejerce la abogac\u00eda desde el a\u00f1o 2000 y dirige la pr\u00e1ctica de derecho mercantil del bufete, representando a peque\u00f1as y medianas empresas en transacciones corporativas y litigios. Dan es muy consciente de las operaciones de sus clientes y de la importancia de asesorarles para evitar litigios. Cuando los pleitos se hacen inevitables, Dan es un litigante agresivo, que aprovecha sus a\u00f1os de experiencia en el sistema judicial para ofrecer a sus clientes resultados pr\u00e1cticos y rentables en los tribunales estatales y federales.<\/p>\n<p>Dan pas\u00f3 m\u00e1s de una d\u00e9cada inmerso en litigios comerciales como Abogado Principal del Tribunal Supremo de Nueva York, donde trabaj\u00f3 en cientos de pleitos por incumplimiento de contrato, incumplimiento de deberes fiduciarios, fraude, reclamaciones por complicidad, medidas cautelares y otros numerosos agravios empresariales y \u00e1reas de litigios comerciales complejos.<\/p>\n<p>Antes de su nombramiento como Abogado Principal del Tribunal, Dan trabaj\u00f3 para Swidler Berlin Shereff Friedman, LLP (ahora Morgan Lewis &amp; Bockius LLP), representando a empresas de nueva creaci\u00f3n de Internet, operadores de intercambio local competitivos y operadores de intercambio en transacciones, litigios y procedimientos de cumplimiento normativo ante la Comisi\u00f3n Federal de Comunicaciones y varias Comisiones de Servicios P\u00fablicos estatales. Tambi\u00e9n trabaj\u00f3 en investigaciones antimonopolio ante la Comisi\u00f3n Federal de Comercio. Su trabajo pro bono incluy\u00f3 la representaci\u00f3n con \u00e9xito de un menor, condenado a muerte, ante el Tribunal Supremo de Pensilvania.<\/p>\n<p>Desde 2006, Dan es profesor adjunto de Derecho en la Facultad de Derecho de Nueva York. Anteriormente, fue Profesor Visitante en la Facultad de Derecho Sturm de la Universidad de Denver. Da conferencias sobre diversos temas en Nueva York y Nueva Jersey. Es copresentador de \u00abEthics in Chambers\u00bb, dentro de la serie de verano del Tribunal Supremo de Nueva York, y ha sido conferenciante invitado en el College of Saint Elizabeth y en la Universidad Fairleigh Dickinson. Dan se licenci\u00f3 con honores en 1999 en la Facultad de Derecho de Nueva York, donde fue Editor Ejecutivo de la Revista Jur\u00eddica, y obtuvo su licenciatura en la Universidad de Florida.<\/p>\n<p>Dan est\u00e1 admitido en los Colegios de Abogados de Nueva York y Nueva Jersey, en el Tribunal de Distrito de los Estados Unidos para el Distrito de Nueva Jersey, y en el Tribunal de Apelaci\u00f3n de los Estados Unidos para el Tercer Circuito y el Quinto Circuito.<\/p>\n<p>[\/et_pb_text][et_pb_button button_url=\u00bb@ET-DC@eyJkeW5hbWljIjp0cnVlLCJjb250ZW50IjoicG9zdF9saW5rX3VybF9wYWdlIiwic2V0dGluZ3MiOnsicG9zdF9pZCI6IjEwNSJ9fQ==@\u00bb button_text=\u00bbVolver al equipo\u00bb _builder_version=\u00bb4.19.5&#8243; _dynamic_attributes=\u00bbbutton_url\u00bb _module_preset=\u00bbdefault\u00bb global_colors_info=\u00bb{}\u00bb][\/et_pb_button][\/et_pb_column][\/et_pb_row][\/et_pb_section]<\/p>\n","protected":false},"excerpt":{"rendered":"<p>Daniel Abraham Derecho MercantilSobre Daniel Abraham Dan Abraham ejerce la abogac\u00eda desde el a\u00f1o 2000 y dirige la pr\u00e1ctica de derecho mercantil del bufete, representando a peque\u00f1as y medianas empresas en transacciones corporativas y litigios. Dan es muy consciente de las operaciones de sus clientes y de la importancia de asesorarles para evitar litigios. Cuando [&hellip;]<\/p>\n","protected":false},"author":1,"featured_media":0,"parent":369,"menu_order":0,"comment_status":"closed","ping_status":"closed","template":"","meta":{"_et_pb_use_builder":"on","_et_pb_old_content":"","_et_gb_content_width":"","footnotes":""},"class_list":["post-367","page","type-page","status-publish","hentry"],"yoast_head":"<!-- This site is optimized with the Yoast SEO plugin v27.3 - https:\/\/yoast.com\/product\/yoast-seo-wordpress\/ -->\n<title>Daniel Abraham - Derecho Mercantil | Kiam &amp; Abraham, LLC<\/title>\n<meta name=\"description\" content=\"Dan Abraham ejerce la abogac\u00eda desde 2000 y dirige la pr\u00e1ctica de derecho mercantil del bufete, representando a peque\u00f1as y medianas empresas.\" \/>\n<meta name=\"robots\" content=\"index, follow, max-snippet:-1, max-image-preview:large, max-video-preview:-1\" \/>\n<link rel=\"canonical\" href=\"https:\/\/www.kiamlaw.com\/es\/el-equipo-de-kiam-y-abraham\/daniel-abraham-derecho-mercantil\/\" \/>\n<meta property=\"og:locale\" content=\"es_ES\" \/>\n<meta property=\"og:type\" content=\"article\" \/>\n<meta property=\"og:title\" content=\"Daniel Abraham - Derecho Mercantil | Kiam &amp; Abraham, LLC\" \/>\n<meta property=\"og:description\" content=\"Dan Abraham ejerce la abogac\u00eda desde 2000 y dirige la pr\u00e1ctica de derecho mercantil del bufete, representando a peque\u00f1as y medianas empresas.\" \/>\n<meta property=\"og:url\" content=\"https:\/\/www.kiamlaw.com\/es\/el-equipo-de-kiam-y-abraham\/daniel-abraham-derecho-mercantil\/\" \/>\n<meta property=\"og:site_name\" content=\"Kiam &amp; Abraham, LLC\" \/>\n<meta property=\"article:modified_time\" content=\"2024-08-12T15:34:06+00:00\" \/>\n<meta name=\"twitter:card\" content=\"summary_large_image\" \/>\n<meta name=\"twitter:label1\" content=\"Tiempo de lectura\" \/>\n\t<meta name=\"twitter:data1\" content=\"4 minutos\" \/>\n<script type=\"application\/ld+json\" class=\"yoast-schema-graph\">{\"@context\":\"https:\\\/\\\/schema.org\",\"@graph\":[{\"@type\":\"WebPage\",\"@id\":\"https:\\\/\\\/www.kiamlaw.com\\\/es\\\/el-equipo-de-kiam-y-abraham\\\/daniel-abraham-derecho-mercantil\\\/\",\"url\":\"https:\\\/\\\/www.kiamlaw.com\\\/es\\\/el-equipo-de-kiam-y-abraham\\\/daniel-abraham-derecho-mercantil\\\/\",\"name\":\"Daniel Abraham - Derecho Mercantil | Kiam &amp; Abraham, LLC\",\"isPartOf\":{\"@id\":\"https:\\\/\\\/www.kiamlaw.com\\\/es\\\/#website\"},\"datePublished\":\"2023-03-20T19:41:58+00:00\",\"dateModified\":\"2024-08-12T15:34:06+00:00\",\"description\":\"Dan Abraham ejerce la abogac\u00eda desde 2000 y dirige la pr\u00e1ctica de derecho mercantil del bufete, representando a peque\u00f1as y medianas empresas.\",\"breadcrumb\":{\"@id\":\"https:\\\/\\\/www.kiamlaw.com\\\/es\\\/el-equipo-de-kiam-y-abraham\\\/daniel-abraham-derecho-mercantil\\\/#breadcrumb\"},\"inLanguage\":\"es\",\"potentialAction\":[{\"@type\":\"ReadAction\",\"target\":[\"https:\\\/\\\/www.kiamlaw.com\\\/es\\\/el-equipo-de-kiam-y-abraham\\\/daniel-abraham-derecho-mercantil\\\/\"]}]},{\"@type\":\"BreadcrumbList\",\"@id\":\"https:\\\/\\\/www.kiamlaw.com\\\/es\\\/el-equipo-de-kiam-y-abraham\\\/daniel-abraham-derecho-mercantil\\\/#breadcrumb\",\"itemListElement\":[{\"@type\":\"ListItem\",\"position\":1,\"name\":\"Hogar\",\"item\":\"https:\\\/\\\/www.kiamlaw.com\\\/es\\\/kiam-abraham-abogados\\\/\"},{\"@type\":\"ListItem\",\"position\":2,\"name\":\"Daniel Abraham &#8211; Derecho Mercantil\"}]},{\"@type\":\"WebSite\",\"@id\":\"https:\\\/\\\/www.kiamlaw.com\\\/es\\\/#website\",\"url\":\"https:\\\/\\\/www.kiamlaw.com\\\/es\\\/\",\"name\":\"Kiam &amp; Abraham, LLC\",\"description\":\"Attorneys at Law\",\"publisher\":{\"@id\":\"https:\\\/\\\/www.kiamlaw.com\\\/es\\\/#organization\"},\"potentialAction\":[{\"@type\":\"SearchAction\",\"target\":{\"@type\":\"EntryPoint\",\"urlTemplate\":\"https:\\\/\\\/www.kiamlaw.com\\\/es\\\/?s={search_term_string}\"},\"query-input\":{\"@type\":\"PropertyValueSpecification\",\"valueRequired\":true,\"valueName\":\"search_term_string\"}}],\"inLanguage\":\"es\"},{\"@type\":\"Organization\",\"@id\":\"https:\\\/\\\/www.kiamlaw.com\\\/es\\\/#organization\",\"name\":\"Kiam & Abraham, LLC\",\"url\":\"https:\\\/\\\/www.kiamlaw.com\\\/es\\\/\",\"logo\":{\"@type\":\"ImageObject\",\"inLanguage\":\"es\",\"@id\":\"https:\\\/\\\/www.kiamlaw.com\\\/es\\\/#\\\/schema\\\/logo\\\/image\\\/\",\"url\":\"https:\\\/\\\/www.kiamlaw.com\\\/wp-content\\\/uploads\\\/2023\\\/02\\\/favicon4.png\",\"contentUrl\":\"https:\\\/\\\/www.kiamlaw.com\\\/wp-content\\\/uploads\\\/2023\\\/02\\\/favicon4.png\",\"width\":512,\"height\":512,\"caption\":\"Kiam & Abraham, LLC\"},\"image\":{\"@id\":\"https:\\\/\\\/www.kiamlaw.com\\\/es\\\/#\\\/schema\\\/logo\\\/image\\\/\"}}]}<\/script>\n<!-- \/ Yoast SEO plugin. -->","yoast_head_json":{"title":"Daniel Abraham - Derecho Mercantil | Kiam &amp; Abraham, LLC","description":"Dan Abraham ejerce la abogac\u00eda desde 2000 y dirige la pr\u00e1ctica de derecho mercantil del bufete, representando a peque\u00f1as y medianas empresas.","robots":{"index":"index","follow":"follow","max-snippet":"max-snippet:-1","max-image-preview":"max-image-preview:large","max-video-preview":"max-video-preview:-1"},"canonical":"https:\/\/www.kiamlaw.com\/es\/el-equipo-de-kiam-y-abraham\/daniel-abraham-derecho-mercantil\/","og_locale":"es_ES","og_type":"article","og_title":"Daniel Abraham - Derecho Mercantil | Kiam &amp; Abraham, LLC","og_description":"Dan Abraham ejerce la abogac\u00eda desde 2000 y dirige la pr\u00e1ctica de derecho mercantil del bufete, representando a peque\u00f1as y medianas empresas.","og_url":"https:\/\/www.kiamlaw.com\/es\/el-equipo-de-kiam-y-abraham\/daniel-abraham-derecho-mercantil\/","og_site_name":"Kiam &amp; Abraham, LLC","article_modified_time":"2024-08-12T15:34:06+00:00","twitter_card":"summary_large_image","twitter_misc":{"Tiempo de lectura":"4 minutos"},"schema":{"@context":"https:\/\/schema.org","@graph":[{"@type":"WebPage","@id":"https:\/\/www.kiamlaw.com\/es\/el-equipo-de-kiam-y-abraham\/daniel-abraham-derecho-mercantil\/","url":"https:\/\/www.kiamlaw.com\/es\/el-equipo-de-kiam-y-abraham\/daniel-abraham-derecho-mercantil\/","name":"Daniel Abraham - Derecho Mercantil | Kiam &amp; Abraham, LLC","isPartOf":{"@id":"https:\/\/www.kiamlaw.com\/es\/#website"},"datePublished":"2023-03-20T19:41:58+00:00","dateModified":"2024-08-12T15:34:06+00:00","description":"Dan Abraham ejerce la abogac\u00eda desde 2000 y dirige la pr\u00e1ctica de derecho mercantil del bufete, representando a peque\u00f1as y medianas empresas.","breadcrumb":{"@id":"https:\/\/www.kiamlaw.com\/es\/el-equipo-de-kiam-y-abraham\/daniel-abraham-derecho-mercantil\/#breadcrumb"},"inLanguage":"es","potentialAction":[{"@type":"ReadAction","target":["https:\/\/www.kiamlaw.com\/es\/el-equipo-de-kiam-y-abraham\/daniel-abraham-derecho-mercantil\/"]}]},{"@type":"BreadcrumbList","@id":"https:\/\/www.kiamlaw.com\/es\/el-equipo-de-kiam-y-abraham\/daniel-abraham-derecho-mercantil\/#breadcrumb","itemListElement":[{"@type":"ListItem","position":1,"name":"Hogar","item":"https:\/\/www.kiamlaw.com\/es\/kiam-abraham-abogados\/"},{"@type":"ListItem","position":2,"name":"Daniel Abraham &#8211; Derecho Mercantil"}]},{"@type":"WebSite","@id":"https:\/\/www.kiamlaw.com\/es\/#website","url":"https:\/\/www.kiamlaw.com\/es\/","name":"Kiam &amp; Abraham, LLC","description":"Attorneys at Law","publisher":{"@id":"https:\/\/www.kiamlaw.com\/es\/#organization"},"potentialAction":[{"@type":"SearchAction","target":{"@type":"EntryPoint","urlTemplate":"https:\/\/www.kiamlaw.com\/es\/?s={search_term_string}"},"query-input":{"@type":"PropertyValueSpecification","valueRequired":true,"valueName":"search_term_string"}}],"inLanguage":"es"},{"@type":"Organization","@id":"https:\/\/www.kiamlaw.com\/es\/#organization","name":"Kiam & Abraham, LLC","url":"https:\/\/www.kiamlaw.com\/es\/","logo":{"@type":"ImageObject","inLanguage":"es","@id":"https:\/\/www.kiamlaw.com\/es\/#\/schema\/logo\/image\/","url":"https:\/\/www.kiamlaw.com\/wp-content\/uploads\/2023\/02\/favicon4.png","contentUrl":"https:\/\/www.kiamlaw.com\/wp-content\/uploads\/2023\/02\/favicon4.png","width":512,"height":512,"caption":"Kiam & Abraham, LLC"},"image":{"@id":"https:\/\/www.kiamlaw.com\/es\/#\/schema\/logo\/image\/"}}]}},"_links":{"self":[{"href":"https:\/\/www.kiamlaw.com\/es\/wp-json\/wp\/v2\/pages\/367","targetHints":{"allow":["GET"]}}],"collection":[{"href":"https:\/\/www.kiamlaw.com\/es\/wp-json\/wp\/v2\/pages"}],"about":[{"href":"https:\/\/www.kiamlaw.com\/es\/wp-json\/wp\/v2\/types\/page"}],"author":[{"embeddable":true,"href":"https:\/\/www.kiamlaw.com\/es\/wp-json\/wp\/v2\/users\/1"}],"replies":[{"embeddable":true,"href":"https:\/\/www.kiamlaw.com\/es\/wp-json\/wp\/v2\/comments?post=367"}],"version-history":[{"count":0,"href":"https:\/\/www.kiamlaw.com\/es\/wp-json\/wp\/v2\/pages\/367\/revisions"}],"up":[{"embeddable":true,"href":"https:\/\/www.kiamlaw.com\/es\/wp-json\/wp\/v2\/pages\/369"}],"wp:attachment":[{"href":"https:\/\/www.kiamlaw.com\/es\/wp-json\/wp\/v2\/media?parent=367"}],"curies":[{"name":"wp","href":"https:\/\/api.w.org\/{rel}","templated":true}]}}