{"id":370,"date":"2023-02-13T19:07:40","date_gmt":"2023-02-13T19:07:40","guid":{"rendered":"https:\/\/www.kiamlaw.com\/kiam-abraham-abogados\/"},"modified":"2024-08-21T16:51:19","modified_gmt":"2024-08-21T16:51:19","slug":"kiam-abraham-abogados","status":"publish","type":"page","link":"https:\/\/www.kiamlaw.com\/es\/","title":{"rendered":"Kiam &amp; Abraham Abogados"},"content":{"rendered":"<p>[et_pb_section fb_built=\u00bb1&#8243; _builder_version=\u00bb4.27.0&#8243; use_background_color_gradient=\u00bbon\u00bb background_color_gradient_direction=\u00bb135deg\u00bb background_color_gradient_stops=\u00bb#283552 1%|rgba(103,103,102,0) 100%\u00bb background_color_gradient_overlays_image=\u00bbon\u00bb background_image=\u00bbhttps:\/\/www.kiamlaw.com\/wp-content\/uploads\/2023\/03\/ben-wicks-fmEr10wvilE-unsplash.jpg\u00bb parallax=\u00bbon\u00bb custom_margin=\u00bb||||false|false\u00bb animation_style=\u00bbfade\u00bb hover_enabled=\u00bb0&#8243; global_colors_info=\u00bb{}\u00bb sticky_enabled=\u00bb0&#8243;][et_pb_row column_structure=\u00bb1_2,1_2&#8243; _builder_version=\u00bb4.21.0&#8243; _module_preset=\u00bbdefault\u00bb custom_padding=\u00bb5%||15%||false|false\u00bb global_colors_info=\u00bb{}\u00bb][et_pb_column type=\u00bb1_2&#8243; _builder_version=\u00bb4.19.5&#8243; _module_preset=\u00bbdefault\u00bb global_colors_info=\u00bb{}\u00bb][et_pb_text _builder_version=\u00bb4.21.0&#8243; _module_preset=\u00bbdefault\u00bb header_font=\u00bb||||||||\u00bb header_text_align=\u00bbleft\u00bb header_text_color=\u00bb#FFFFFF\u00bb header_font_size=\u00bb54px\u00bb header_line_height=\u00bb1.5em\u00bb custom_padding=\u00bb||||false|true\u00bb animation_style=\u00bbslide\u00bb animation_direction=\u00bbright\u00bb animation_duration=\u00bb1550ms\u00bb header_font_size_tablet=\u00bb54px\u00bb header_font_size_phone=\u00bb32px\u00bb header_font_size_last_edited=\u00bbon|phone\u00bb global_colors_info=\u00bb{}\u00bb]<\/p>\n<h1>Expertos en Inmigracion y derechos mercantiles de negocios<\/h1>\n<p>[\/et_pb_text][\/et_pb_column][et_pb_column type=\u00bb1_2&#8243; _builder_version=\u00bb4.19.5&#8243; _module_preset=\u00bbdefault\u00bb global_colors_info=\u00bb{}\u00bb][\/et_pb_column][\/et_pb_row][\/et_pb_section][et_pb_section fb_built=\u00bb1&#8243; _builder_version=\u00bb4.19.5&#8243; _module_preset=\u00bbdefault\u00bb custom_margin=\u00bb||||false|false\u00bb custom_padding=\u00bb||||true|false\u00bb global_colors_info=\u00bb{}\u00bb][et_pb_row column_structure=\u00bb1_3,2_3&#8243; _builder_version=\u00bb4.19.5&#8243; _module_preset=\u00bbdefault\u00bb global_colors_info=\u00bb{}\u00bb][et_pb_column type=\u00bb1_3&#8243; _builder_version=\u00bb4.19.5&#8243; _module_preset=\u00bbdefault\u00bb animation_style=\u00bbfade\u00bb global_colors_info=\u00bb{}\u00bb][et_pb_image src=\u00bbhttps:\/\/www.kiamlaw.com\/wp-content\/uploads\/2023\/02\/garth-pratt-bridge-unsplash.jpg\u00bb alt=\u00bbFoto del Puente de Brooklyn tomada desde el puente avanzando hacia Nueva York mirando hacia las cerchas tomada por Garth Pratt.\u00bb title_text=\u00bbgarth-pratt-bridge-unsplash\u00bb _builder_version=\u00bb4.19.5&#8243; _module_preset=\u00bbdefault\u00bb border_width_all=\u00bb11px\u00bb border_color_all=\u00bbrgba(103,103,102,0.07)\u00bb box_shadow_style=\u00bbpreset1&#8243; box_shadow_vertical=\u00bb0px\u00bb box_shadow_blur=\u00bb4px\u00bb global_colors_info=\u00bb{}\u00bb][\/et_pb_image][\/et_pb_column][et_pb_column type=\u00bb2_3&#8243; _builder_version=\u00bb4.19.5&#8243; _module_preset=\u00bbdefault\u00bb animation_style=\u00bbfade\u00bb global_colors_info=\u00bb{}\u00bb][et_pb_text _builder_version=\u00bb4.21.0&#8243; _module_preset=\u00bbdefault\u00bb text_font_size=\u00bb16px\u00bb text_line_height=\u00bb1.9em\u00bb header_2_font_size=\u00bb36px\u00bb header_2_line_height=\u00bb1.6em\u00bb custom_padding=\u00bb0px||0px||false|false\u00bb global_colors_info=\u00bb{}\u00bb]<\/p>\n<h2>Ofrecemos excelencia<\/h2>\n<p>Kiam &amp; Abraham es un bufete de abogados boutique, especializado en asuntos empresariales, de inmigraci\u00f3n e inmobiliarios en Nueva York y Nueva Jersey. Nuestra experiencia abarca transacciones empresariales, contratos, bienes inmuebles y litigios comerciales y residenciales, as\u00ed como todos los aspectos de la inmigraci\u00f3n individual y familiar. Nuestra m\u00e1xima prioridad es ofrecer un servicio al cliente de la m\u00e1xima calidad, y nos esforzamos por obtener resultados para nuestros clientes de forma agresiva y rentable. Asesoramos a nuestros clientes en todas las fases de sus necesidades legales, desde el asesoramiento empresarial general hasta el litigio en tribunales estatales y federales.<\/p>\n<p>[\/et_pb_text][et_pb_button button_url=\u00bb@ET-DC@eyJkeW5hbWljIjp0cnVlLCJjb250ZW50IjoicG9zdF9saW5rX3VybF9wYWdlIiwic2V0dGluZ3MiOnsicG9zdF9pZCI6IjEyMSJ9fQ==@\u00bb button_text=\u00bbSigue leyendo\u00bb _builder_version=\u00bb4.19.5&#8243; _dynamic_attributes=\u00bbbutton_url\u00bb _module_preset=\u00bbdefault\u00bb global_colors_info=\u00bb{}\u00bb][\/et_pb_button][\/et_pb_column][\/et_pb_row][\/et_pb_section][et_pb_section fb_built=\u00bb1&#8243; _builder_version=\u00bb4.19.5&#8243; _module_preset=\u00bbdefault\u00bb use_background_color_gradient=\u00bbon\u00bb background_color_gradient_type=\u00bbconic\u00bb background_color_gradient_direction=\u00bb242deg\u00bb background_color_gradient_direction_radial=\u00bbtop right\u00bb background_color_gradient_stops=\u00bbrgba(103,103,102,0.07) 0%|#ffffff 100%\u00bb custom_padding=\u00bb100px||100px||true|false\u00bb global_colors_info=\u00bb{}\u00bb][et_pb_row _builder_version=\u00bb4.19.5&#8243; _module_preset=\u00bbdefault\u00bb custom_padding=\u00bb10px||10px||true|false\u00bb global_colors_info=\u00bb{}\u00bb][et_pb_column type=\u00bb4_4&#8243; _builder_version=\u00bb4.19.5&#8243; _module_preset=\u00bbdefault\u00bb global_colors_info=\u00bb{}\u00bb][et_pb_text _builder_version=\u00bb4.19.5&#8243; _module_preset=\u00bbdefault\u00bb header_2_font_size=\u00bb36px\u00bb text_orientation=\u00bbcenter\u00bb global_colors_info=\u00bb{}\u00bb]<\/p>\n<h2>\u00c1reas de pr\u00e1ctica<\/h2>\n<p>[\/et_pb_text][\/et_pb_column][\/et_pb_row][et_pb_row column_structure=\u00bb1_3,1_3,1_3&#8243; use_custom_gutter=\u00bbon\u00bb gutter_width=\u00bb4&#8243; make_equal=\u00bbon\u00bb _builder_version=\u00bb4.19.5&#8243; _module_preset=\u00bbdefault\u00bb max_width=\u00bb800px\u00bb global_colors_info=\u00bb{}\u00bb][et_pb_column type=\u00bb1_3&#8243; _builder_version=\u00bb4.19.5&#8243; _module_preset=\u00bbdefault\u00bb custom_css_main_element=\u00bbdisplay: flex; flex-direction: column;\u00bb global_colors_info=\u00bb{}\u00bb][et_pb_icon font_icon=\u00bb&#xe0ff;||divi||400&#8243; icon_color=\u00bb#283552&#8243; icon_width=\u00bb47px\u00bb _builder_version=\u00bb4.19.5&#8243; _module_preset=\u00bbdefault\u00bb use_background_color_gradient=\u00bbon\u00bb background_color_gradient_type=\u00bbconic\u00bb background_color_gradient_direction=\u00bb225deg\u00bb background_color_gradient_direction_radial=\u00bbtop right\u00bb background_color_gradient_stops=\u00bbrgba(40,53,82,0.19) 0%|rgba(40,53,82,0.15) 100%\u00bb custom_padding=\u00bb2.5em|2.5em|2.5em|2.5em|true|true\u00bb border_width_all=\u00bb3px\u00bb border_color_all=\u00bb#FFFFFF\u00bb box_shadow_style=\u00bbpreset1&#8243; box_shadow_vertical=\u00bb0px\u00bb box_shadow_blur=\u00bb6px\u00bb box_shadow_color=\u00bbrgba(0,0,0,0.12)\u00bb global_colors_info=\u00bb{}\u00bb][\/et_pb_icon][et_pb_text _builder_version=\u00bb4.19.5&#8243; _module_preset=\u00bbdefault\u00bb header_3_font_size=\u00bb26px\u00bb text_orientation=\u00bbcenter\u00bb global_colors_info=\u00bb{}\u00bb]<\/p>\n<h3>Derecho de extranjer\u00eda<\/h3>\n<p>Kiam &amp; Abraham presta servicios para ayudarte a navegar por el complejo y siempre cambiante mundo de la ley de inmigraci\u00f3n.<\/p>\n<p>[\/et_pb_text][et_pb_button button_url=\u00bb@ET-DC@eyJkeW5hbWljIjp0cnVlLCJjb250ZW50IjoicG9zdF9saW5rX3VybF9wYWdlIiwic2V0dGluZ3MiOnsicG9zdF9pZCI6IjEzOSJ9fQ==@\u00bb button_text=\u00bbM\u00e1s informaci\u00f3n\u00bb button_alignment=\u00bbcenter\u00bb _builder_version=\u00bb4.19.5&#8243; _dynamic_attributes=\u00bbbutton_url\u00bb _module_preset=\u00bbdefault\u00bb custom_margin=\u00bbauto||||false|false\u00bb global_colors_info=\u00bb{}\u00bb][\/et_pb_button][\/et_pb_column][et_pb_column type=\u00bb1_3&#8243; _builder_version=\u00bb4.19.5&#8243; _module_preset=\u00bbdefault\u00bb custom_css_main_element=\u00bbdisplay: flex; flex-direction: column;\u00bb global_colors_info=\u00bb{}\u00bb][et_pb_icon font_icon=\u00bb&#xe0ef;||divi||400&#8243; icon_color=\u00bb#283552&#8243; icon_width=\u00bb47px\u00bb _builder_version=\u00bb4.19.5&#8243; _module_preset=\u00bbdefault\u00bb use_background_color_gradient=\u00bbon\u00bb background_color_gradient_type=\u00bbconic\u00bb background_color_gradient_direction=\u00bb225deg\u00bb background_color_gradient_direction_radial=\u00bbtop right\u00bb background_color_gradient_stops=\u00bbrgba(40,53,82,0.19) 0%|rgba(40,53,82,0.15) 100%\u00bb custom_padding=\u00bb2.5em|2.5em|2.5em|2.5em|true|true\u00bb border_width_all=\u00bb3px\u00bb border_color_all=\u00bb#FFFFFF\u00bb box_shadow_style=\u00bbpreset1&#8243; box_shadow_vertical=\u00bb0px\u00bb box_shadow_blur=\u00bb6px\u00bb box_shadow_color=\u00bbrgba(0,0,0,0.12)\u00bb global_colors_info=\u00bb{}\u00bb][\/et_pb_icon][et_pb_text _builder_version=\u00bb4.21.0&#8243; _module_preset=\u00bbdefault\u00bb header_3_font_size=\u00bb26px\u00bb text_orientation=\u00bbcenter\u00bb global_colors_info=\u00bb{}\u00bb]<\/p>\n<h3>Derecho Mercantil<\/h3>\n<p>Tanto si est\u00e1s iniciando un nuevo negocio como si gestionas uno ya establecido, nuestros abogados pueden ayudarte a proteger tu empresa y a identificar y abordar los problemas legales que afectan al \u00e9xito de tu negocio hoy y en el futuro.<\/p>\n<p>[\/et_pb_text][et_pb_button button_url=\u00bb@ET-DC@eyJkeW5hbWljIjp0cnVlLCJjb250ZW50IjoicG9zdF9saW5rX3VybF9wYWdlIiwic2V0dGluZ3MiOnsicG9zdF9pZCI6IjE0OSJ9fQ==@\u00bb button_text=\u00bbM\u00e1s informaci\u00f3n\u00bb button_alignment=\u00bbcenter\u00bb _builder_version=\u00bb4.19.5&#8243; _dynamic_attributes=\u00bbbutton_url\u00bb _module_preset=\u00bbdefault\u00bb custom_margin=\u00bbauto||||false|false\u00bb global_colors_info=\u00bb{}\u00bb][\/et_pb_button][\/et_pb_column][et_pb_column type=\u00bb1_3&#8243; _builder_version=\u00bb4.19.5&#8243; _module_preset=\u00bbdefault\u00bb custom_css_main_element=\u00bbdisplay: flex; flex-direction: column;\u00bb global_colors_info=\u00bb{}\u00bb][et_pb_icon font_icon=\u00bb&#xe009;||divi||400&#8243; icon_color=\u00bb#283552&#8243; icon_width=\u00bb47px\u00bb _builder_version=\u00bb4.19.5&#8243; _module_preset=\u00bbdefault\u00bb use_background_color_gradient=\u00bbon\u00bb background_color_gradient_type=\u00bbconic\u00bb background_color_gradient_direction=\u00bb225deg\u00bb background_color_gradient_direction_radial=\u00bbtop right\u00bb background_color_gradient_stops=\u00bbrgba(40,53,82,0.19) 0%|rgba(40,53,82,0.15) 100%\u00bb custom_padding=\u00bb2.5em|2.5em|2.5em|2.5em|true|true\u00bb border_width_all=\u00bb3px\u00bb border_color_all=\u00bb#FFFFFF\u00bb box_shadow_style=\u00bbpreset1&#8243; box_shadow_vertical=\u00bb0px\u00bb box_shadow_blur=\u00bb6px\u00bb box_shadow_color=\u00bbrgba(0,0,0,0.12)\u00bb global_colors_info=\u00bb{}\u00bb][\/et_pb_icon][et_pb_text _builder_version=\u00bb4.21.0&#8243; _module_preset=\u00bbdefault\u00bb header_3_font_size=\u00bb26px\u00bb text_orientation=\u00bbcenter\u00bb global_colors_info=\u00bb{}\u00bb]<\/p>\n<h3>Derecho inmobiliario<\/h3>\n<p>La pr\u00e1ctica inmobiliaria de Kiam &amp; Abraham puede ayudarte en el complejo proceso de compra, venta o arrendamiento de propiedades, y a abordar cuestiones de zonificaci\u00f3n inmobiliaria.<\/p>\n<p>[\/et_pb_text][et_pb_button button_url=\u00bb@ET-DC@eyJkeW5hbWljIjp0cnVlLCJjb250ZW50IjoicG9zdF9saW5rX3VybF9wYWdlIiwic2V0dGluZ3MiOnsicG9zdF9pZCI6IjE1NiJ9fQ==@\u00bb button_text=\u00bbM\u00e1s informaci\u00f3n\u00bb button_alignment=\u00bbcenter\u00bb _builder_version=\u00bb4.19.5&#8243; _dynamic_attributes=\u00bbbutton_url\u00bb _module_preset=\u00bbdefault\u00bb custom_margin=\u00bbauto||||false|false\u00bb global_colors_info=\u00bb{}\u00bb][\/et_pb_button][\/et_pb_column][\/et_pb_row][\/et_pb_section][et_pb_section fb_built=\u00bb1&#8243; disabled_on=\u00bboff|off|off\u00bb _builder_version=\u00bb4.19.5&#8243; _module_preset=\u00bbdefault\u00bb use_background_color_gradient=\u00bbon\u00bb background_color_gradient_direction=\u00bb109deg\u00bb background_color_gradient_stops=\u00bbrgba(103,103,102,0.07) 0%|#ffffff 100%\u00bb custom_padding=\u00bb100px||100px||true|false\u00bb global_colors_info=\u00bb{}\u00bb][et_pb_row disabled_on=\u00bboff|off|off\u00bb _builder_version=\u00bb4.19.5&#8243; _module_preset=\u00bbdefault\u00bb global_colors_info=\u00bb{}\u00bb][et_pb_column type=\u00bb4_4&#8243; _builder_version=\u00bb4.19.5&#8243; _module_preset=\u00bbdefault\u00bb global_colors_info=\u00bb{}\u00bb][et_pb_text _builder_version=\u00bb4.21.0&#8243; _module_preset=\u00bbdefault\u00bb header_2_font_size=\u00bb36px\u00bb text_orientation=\u00bbcenter\u00bb global_colors_info=\u00bb{}\u00bb]<\/p>\n<h2>Orgullosos miembros de<\/h2>\n<p>[\/et_pb_text][\/et_pb_column][\/et_pb_row][et_pb_row column_structure=\u00bb1_2,1_2&#8243; _builder_version=\u00bb4.21.0&#8243; _module_preset=\u00bbdefault\u00bb global_colors_info=\u00bb{}\u00bb][et_pb_column type=\u00bb1_2&#8243; _builder_version=\u00bb4.19.5&#8243; _module_preset=\u00bbdefault\u00bb global_colors_info=\u00bb{}\u00bb][et_pb_image src=\u00bbhttps:\/\/www.kiamlaw.com\/wp-content\/uploads\/2023\/02\/Member-Logo_2018_USE-150&#215;150-1.jpg\u00bb alt=\u00bbLogotipo en la semblanza de la cabeza de la Estatua de la Libertad lectura 2018 Miembro &#8211; Americas Immigration Lawyers Association.  \u00bb title_text=\u00bbMember-Logo_2018_USE-150&#215;150&#8243; align=\u00bbcenter\u00bb _builder_version=\u00bb4.19.5&#8243; _module_preset=\u00bbdefault\u00bb global_colors_info=\u00bb{}\u00bb][\/et_pb_image][\/et_pb_column][et_pb_column type=\u00bb1_2&#8243; _builder_version=\u00bb4.19.5&#8243; _module_preset=\u00bbdefault\u00bb global_colors_info=\u00bb{}\u00bb][et_pb_image src=\u00bbhttps:\/\/www.kiamlaw.com\/wp-content\/uploads\/2023\/08\/member.png\u00bb alt=\u00bbLogotipo del Colegio de Abogados de Nueva York\u00bb title_text=\u00bbmiembro\u00bb align=\u00bbcenter\u00bb _builder_version=\u00bb4.21.0&#8243; _module_preset=\u00bbdefault\u00bb max_width=\u00bb150px\u00bb height=\u00bb150px\u00bb global_colors_info=\u00bb{}\u00bb][\/et_pb_image][\/et_pb_column][\/et_pb_row][\/et_pb_section]<\/p>\n","protected":false},"excerpt":{"rendered":"<p>Expertos en Inmigracion y derechos mercantiles de negociosOfrecemos excelencia Kiam &amp; Abraham es un bufete de abogados boutique, especializado en asuntos empresariales, de inmigraci\u00f3n e inmobiliarios en Nueva York y Nueva Jersey. Nuestra experiencia abarca transacciones empresariales, contratos, bienes inmuebles y litigios comerciales y residenciales, as\u00ed como todos los aspectos de la inmigraci\u00f3n individual y [&hellip;]<\/p>\n","protected":false},"author":1,"featured_media":325,"parent":0,"menu_order":0,"comment_status":"closed","ping_status":"closed","template":"","meta":{"_et_pb_use_builder":"on","_et_pb_old_content":"","_et_gb_content_width":"","footnotes":""},"class_list":["post-370","page","type-page","status-publish","has-post-thumbnail","hentry"],"yoast_head":"<!-- This site is optimized with the Yoast SEO plugin v27.4 - https:\/\/yoast.com\/product\/yoast-seo-wordpress\/ -->\n<title>Kiam &amp; Abraham Abogados | Kiam &amp; Abraham, LLC<\/title>\n<meta name=\"description\" content=\"Kiam &amp; Abraham es un bufete de abogados boutique, especializado en asuntos empresariales, de inmigraci\u00f3n e inmobiliarios en Nueva York y Nueva Jersey.\" \/>\n<meta name=\"robots\" content=\"index, follow, max-snippet:-1, max-image-preview:large, max-video-preview:-1\" \/>\n<link rel=\"canonical\" href=\"https:\/\/www.kiamlaw.com\/es\/\" \/>\n<meta property=\"og:locale\" content=\"es_ES\" \/>\n<meta property=\"og:type\" content=\"article\" \/>\n<meta property=\"og:title\" content=\"Kiam &amp; Abraham Abogados | Kiam &amp; Abraham, LLC\" \/>\n<meta property=\"og:description\" content=\"Kiam &amp; Abraham es un bufete de abogados boutique, especializado en asuntos empresariales, de inmigraci\u00f3n e inmobiliarios en Nueva York y Nueva Jersey.\" \/>\n<meta property=\"og:url\" content=\"https:\/\/www.kiamlaw.com\/es\/\" \/>\n<meta property=\"og:site_name\" content=\"Kiam &amp; Abraham, LLC\" \/>\n<meta property=\"article:modified_time\" content=\"2024-08-21T16:51:19+00:00\" \/>\n<meta property=\"og:image\" content=\"https:\/\/www.kiamlaw.com\/wp-content\/uploads\/2023\/02\/joshua-newton-NYC-unsplash3.jpg\" \/>\n\t<meta property=\"og:image:width\" content=\"1920\" \/>\n\t<meta property=\"og:image:height\" content=\"1419\" \/>\n\t<meta property=\"og:image:type\" content=\"image\/jpeg\" \/>\n<meta name=\"twitter:card\" content=\"summary_large_image\" \/>\n<meta name=\"twitter:label1\" content=\"Tiempo de lectura\" \/>\n\t<meta name=\"twitter:data1\" content=\"8 minutos\" \/>\n<script type=\"application\/ld+json\" class=\"yoast-schema-graph\">{\"@context\":\"https:\\\/\\\/schema.org\",\"@graph\":[{\"@type\":\"WebPage\",\"@id\":\"https:\\\/\\\/www.kiamlaw.com\\\/es\\\/\",\"url\":\"https:\\\/\\\/www.kiamlaw.com\\\/es\\\/\",\"name\":\"Kiam &amp; Abraham Abogados | Kiam &amp; Abraham, LLC\",\"isPartOf\":{\"@id\":\"https:\\\/\\\/www.kiamlaw.com\\\/es\\\/#website\"},\"primaryImageOfPage\":{\"@id\":\"https:\\\/\\\/www.kiamlaw.com\\\/es\\\/#primaryimage\"},\"image\":{\"@id\":\"https:\\\/\\\/www.kiamlaw.com\\\/es\\\/#primaryimage\"},\"thumbnailUrl\":\"https:\\\/\\\/www.kiamlaw.com\\\/wp-content\\\/uploads\\\/2023\\\/02\\\/joshua-newton-NYC-unsplash3.jpg\",\"datePublished\":\"2023-02-13T19:07:40+00:00\",\"dateModified\":\"2024-08-21T16:51:19+00:00\",\"description\":\"Kiam & Abraham es un bufete de abogados boutique, especializado en asuntos empresariales, de inmigraci\u00f3n e inmobiliarios en Nueva York y Nueva Jersey.\",\"breadcrumb\":{\"@id\":\"https:\\\/\\\/www.kiamlaw.com\\\/es\\\/#breadcrumb\"},\"inLanguage\":\"es\",\"potentialAction\":[{\"@type\":\"ReadAction\",\"target\":[\"https:\\\/\\\/www.kiamlaw.com\\\/es\\\/\"]}]},{\"@type\":\"ImageObject\",\"inLanguage\":\"es\",\"@id\":\"https:\\\/\\\/www.kiamlaw.com\\\/es\\\/#primaryimage\",\"url\":\"https:\\\/\\\/www.kiamlaw.com\\\/wp-content\\\/uploads\\\/2023\\\/02\\\/joshua-newton-NYC-unsplash3.jpg\",\"contentUrl\":\"https:\\\/\\\/www.kiamlaw.com\\\/wp-content\\\/uploads\\\/2023\\\/02\\\/joshua-newton-NYC-unsplash3.jpg\",\"width\":1920,\"height\":1419},{\"@type\":\"BreadcrumbList\",\"@id\":\"https:\\\/\\\/www.kiamlaw.com\\\/es\\\/#breadcrumb\",\"itemListElement\":[{\"@type\":\"ListItem\",\"position\":1,\"name\":\"Hogar\",\"item\":\"https:\\\/\\\/www.kiamlaw.com\\\/es\\\/kiam-abraham-abogados\\\/\"},{\"@type\":\"ListItem\",\"position\":2,\"name\":\"Kiam &amp; Abraham Abogados\"}]},{\"@type\":\"WebSite\",\"@id\":\"https:\\\/\\\/www.kiamlaw.com\\\/es\\\/#website\",\"url\":\"https:\\\/\\\/www.kiamlaw.com\\\/es\\\/\",\"name\":\"Kiam &amp; Abraham, LLC\",\"description\":\"Attorneys at Law\",\"publisher\":{\"@id\":\"https:\\\/\\\/www.kiamlaw.com\\\/es\\\/#organization\"},\"potentialAction\":[{\"@type\":\"SearchAction\",\"target\":{\"@type\":\"EntryPoint\",\"urlTemplate\":\"https:\\\/\\\/www.kiamlaw.com\\\/es\\\/?s={search_term_string}\"},\"query-input\":{\"@type\":\"PropertyValueSpecification\",\"valueRequired\":true,\"valueName\":\"search_term_string\"}}],\"inLanguage\":\"es\"},{\"@type\":\"Organization\",\"@id\":\"https:\\\/\\\/www.kiamlaw.com\\\/es\\\/#organization\",\"name\":\"Kiam & Abraham, LLC\",\"url\":\"https:\\\/\\\/www.kiamlaw.com\\\/es\\\/\",\"logo\":{\"@type\":\"ImageObject\",\"inLanguage\":\"es\",\"@id\":\"https:\\\/\\\/www.kiamlaw.com\\\/es\\\/#\\\/schema\\\/logo\\\/image\\\/\",\"url\":\"https:\\\/\\\/www.kiamlaw.com\\\/wp-content\\\/uploads\\\/2023\\\/02\\\/favicon4.png\",\"contentUrl\":\"https:\\\/\\\/www.kiamlaw.com\\\/wp-content\\\/uploads\\\/2023\\\/02\\\/favicon4.png\",\"width\":512,\"height\":512,\"caption\":\"Kiam & Abraham, LLC\"},\"image\":{\"@id\":\"https:\\\/\\\/www.kiamlaw.com\\\/es\\\/#\\\/schema\\\/logo\\\/image\\\/\"}}]}<\/script>\n<!-- \/ Yoast SEO plugin. -->","yoast_head_json":{"title":"Kiam &amp; Abraham Abogados | Kiam &amp; Abraham, LLC","description":"Kiam & Abraham es un bufete de abogados boutique, especializado en asuntos empresariales, de inmigraci\u00f3n e inmobiliarios en Nueva York y Nueva Jersey.","robots":{"index":"index","follow":"follow","max-snippet":"max-snippet:-1","max-image-preview":"max-image-preview:large","max-video-preview":"max-video-preview:-1"},"canonical":"https:\/\/www.kiamlaw.com\/es\/","og_locale":"es_ES","og_type":"article","og_title":"Kiam &amp; Abraham Abogados | Kiam &amp; Abraham, LLC","og_description":"Kiam & Abraham es un bufete de abogados boutique, especializado en asuntos empresariales, de inmigraci\u00f3n e inmobiliarios en Nueva York y Nueva Jersey.","og_url":"https:\/\/www.kiamlaw.com\/es\/","og_site_name":"Kiam &amp; Abraham, LLC","article_modified_time":"2024-08-21T16:51:19+00:00","og_image":[{"width":1920,"height":1419,"url":"https:\/\/www.kiamlaw.com\/wp-content\/uploads\/2023\/02\/joshua-newton-NYC-unsplash3.jpg","type":"image\/jpeg"}],"twitter_card":"summary_large_image","twitter_misc":{"Tiempo de lectura":"8 minutos"},"schema":{"@context":"https:\/\/schema.org","@graph":[{"@type":"WebPage","@id":"https:\/\/www.kiamlaw.com\/es\/","url":"https:\/\/www.kiamlaw.com\/es\/","name":"Kiam &amp; Abraham Abogados | Kiam &amp; Abraham, LLC","isPartOf":{"@id":"https:\/\/www.kiamlaw.com\/es\/#website"},"primaryImageOfPage":{"@id":"https:\/\/www.kiamlaw.com\/es\/#primaryimage"},"image":{"@id":"https:\/\/www.kiamlaw.com\/es\/#primaryimage"},"thumbnailUrl":"https:\/\/www.kiamlaw.com\/wp-content\/uploads\/2023\/02\/joshua-newton-NYC-unsplash3.jpg","datePublished":"2023-02-13T19:07:40+00:00","dateModified":"2024-08-21T16:51:19+00:00","description":"Kiam & Abraham es un bufete de abogados boutique, especializado en asuntos empresariales, de inmigraci\u00f3n e inmobiliarios en Nueva York y Nueva Jersey.","breadcrumb":{"@id":"https:\/\/www.kiamlaw.com\/es\/#breadcrumb"},"inLanguage":"es","potentialAction":[{"@type":"ReadAction","target":["https:\/\/www.kiamlaw.com\/es\/"]}]},{"@type":"ImageObject","inLanguage":"es","@id":"https:\/\/www.kiamlaw.com\/es\/#primaryimage","url":"https:\/\/www.kiamlaw.com\/wp-content\/uploads\/2023\/02\/joshua-newton-NYC-unsplash3.jpg","contentUrl":"https:\/\/www.kiamlaw.com\/wp-content\/uploads\/2023\/02\/joshua-newton-NYC-unsplash3.jpg","width":1920,"height":1419},{"@type":"BreadcrumbList","@id":"https:\/\/www.kiamlaw.com\/es\/#breadcrumb","itemListElement":[{"@type":"ListItem","position":1,"name":"Hogar","item":"https:\/\/www.kiamlaw.com\/es\/kiam-abraham-abogados\/"},{"@type":"ListItem","position":2,"name":"Kiam &amp; Abraham Abogados"}]},{"@type":"WebSite","@id":"https:\/\/www.kiamlaw.com\/es\/#website","url":"https:\/\/www.kiamlaw.com\/es\/","name":"Kiam &amp; Abraham, LLC","description":"Attorneys at Law","publisher":{"@id":"https:\/\/www.kiamlaw.com\/es\/#organization"},"potentialAction":[{"@type":"SearchAction","target":{"@type":"EntryPoint","urlTemplate":"https:\/\/www.kiamlaw.com\/es\/?s={search_term_string}"},"query-input":{"@type":"PropertyValueSpecification","valueRequired":true,"valueName":"search_term_string"}}],"inLanguage":"es"},{"@type":"Organization","@id":"https:\/\/www.kiamlaw.com\/es\/#organization","name":"Kiam & Abraham, LLC","url":"https:\/\/www.kiamlaw.com\/es\/","logo":{"@type":"ImageObject","inLanguage":"es","@id":"https:\/\/www.kiamlaw.com\/es\/#\/schema\/logo\/image\/","url":"https:\/\/www.kiamlaw.com\/wp-content\/uploads\/2023\/02\/favicon4.png","contentUrl":"https:\/\/www.kiamlaw.com\/wp-content\/uploads\/2023\/02\/favicon4.png","width":512,"height":512,"caption":"Kiam & Abraham, LLC"},"image":{"@id":"https:\/\/www.kiamlaw.com\/es\/#\/schema\/logo\/image\/"}}]}},"_links":{"self":[{"href":"https:\/\/www.kiamlaw.com\/es\/wp-json\/wp\/v2\/pages\/370","targetHints":{"allow":["GET"]}}],"collection":[{"href":"https:\/\/www.kiamlaw.com\/es\/wp-json\/wp\/v2\/pages"}],"about":[{"href":"https:\/\/www.kiamlaw.com\/es\/wp-json\/wp\/v2\/types\/page"}],"author":[{"embeddable":true,"href":"https:\/\/www.kiamlaw.com\/es\/wp-json\/wp\/v2\/users\/1"}],"replies":[{"embeddable":true,"href":"https:\/\/www.kiamlaw.com\/es\/wp-json\/wp\/v2\/comments?post=370"}],"version-history":[{"count":0,"href":"https:\/\/www.kiamlaw.com\/es\/wp-json\/wp\/v2\/pages\/370\/revisions"}],"wp:featuredmedia":[{"embeddable":true,"href":"https:\/\/www.kiamlaw.com\/es\/wp-json\/wp\/v2\/media\/325"}],"wp:attachment":[{"href":"https:\/\/www.kiamlaw.com\/es\/wp-json\/wp\/v2\/media?parent=370"}],"curies":[{"name":"wp","href":"https:\/\/api.w.org\/{rel}","templated":true}]}}